{"id":834,"date":"2017-05-18T13:57:21","date_gmt":"2017-05-18T13:57:21","guid":{"rendered":"http:\/\/intelsynet.com\/?page_id=834"},"modified":"2022-10-14T12:04:09","modified_gmt":"2022-10-14T12:04:09","slug":"comunicacion","status":"publish","type":"page","link":"https:\/\/intelsynet.com\/es\/comunicacion\/","title":{"rendered":"Comunicaci\u00f3n"},"content":{"rendered":"<p><div class=\"fusion-fullwidth fullwidth-box fusion-builder-row-1 fusion-flex-container nonhundred-percent-fullwidth non-hundred-percent-height-scrolling\" style=\"background-color: rgba(255,255,255,0);background-position: center center;background-repeat: no-repeat;border-width: 0px 0px 0px 0px;border-color:rgba(97,158,133,0);border-style:solid;\" ><div class=\"fusion-builder-row fusion-row fusion-flex-align-items-flex-start\" style=\"max-width:1216.8px;margin-left: calc(-4% \/ 2 );margin-right: calc(-4% \/ 2 );\"><div class=\"fusion-layout-column fusion_builder_column fusion-builder-column-0 fusion_builder_column_1_1 1_1 fusion-flex-column\"><div class=\"fusion-column-wrapper fusion-flex-justify-content-flex-start fusion-content-layout-column\" style=\"background-position:left top;background-repeat:no-repeat;-webkit-background-size:cover;-moz-background-size:cover;-o-background-size:cover;background-size:cover;padding: 0px 0px 0px 0px;\"><div class=\"fusion-text fusion-text-1\"><p><\/p>\n<\/div><\/div><style type=\"text\/css\">.fusion-body .fusion-builder-column-0{width:100% !important;margin-top : 0px;margin-bottom : 0px;}.fusion-builder-column-0 > .fusion-column-wrapper {padding-top : 0px !important;padding-right : 0px !important;margin-right : 1.92%;padding-bottom : 0px !important;padding-left : 0px !important;margin-left : 1.92%;}@media only screen and (max-width:1024px) {.fusion-body .fusion-builder-column-0{width:100% !important;}.fusion-builder-column-0 > .fusion-column-wrapper {margin-right : 1.92%;margin-left : 1.92%;}}@media only screen and (max-width:640px) {.fusion-body .fusion-builder-column-0{width:100% !important;}.fusion-builder-column-0 > .fusion-column-wrapper {margin-right : 1.92%;margin-left : 1.92%;}}<\/style><\/div><\/div><style type=\"text\/css\">.fusion-body .fusion-flex-container.fusion-builder-row-1{ padding-top : 0px;margin-top : 0px;padding-right : 0px;padding-bottom : 0px;margin-bottom : 0px;padding-left : 0px;}<\/style><\/div><div class=\"fusion-fullwidth fullwidth-box fusion-builder-row-2 nonhundred-percent-fullwidth non-hundred-percent-height-scrolling\" style=\"background-color: rgba(255,255,255,0);background-position: center center;background-repeat: no-repeat;padding-top:20px;padding-right:0px;padding-bottom:20px;padding-left:0px;margin-bottom: 0px;margin-top: 0px;border-width: 0px 0px 0px 0px;border-color:rgba(97,158,133,0);border-style:solid;\" ><div class=\"fusion-builder-row fusion-row\"><div class=\"fusion-layout-column fusion_builder_column fusion-builder-column-1 fusion_builder_column_1_1 1_1 fusion-one-full fusion-column-first fusion-column-last\" style=\"margin-top:0px;margin-bottom:20px;\"><div class=\"fusion-column-wrapper fusion-flex-column-wrapper-legacy\" style=\"background-position:left top;background-repeat:no-repeat;-webkit-background-size:cover;-moz-background-size:cover;-o-background-size:cover;background-size:cover;padding: 0px 0px 0px 0px;\"><style>.fusion-imageframe.imageframe-1 img{aspect-ratio:2 \/ 1;}<\/style><span class=\" fusion-imageframe imageframe-none imageframe-1 hover-type-zoomin has-aspect-ratio\"><a class=\"fusion-no-lightbox\" href=\"https:\/\/intelsynet.com\/es\/categoria\/nuestros-articulos\/gestion-de-riesgos\/\" target=\"_self\" aria-label=\"Gesti\u00f3n de riesgos221\"><img decoding=\"async\" width=\"1024\" height=\"683\" data-src=\"https:\/\/intelsynet.com\/wp-content\/uploads\/2022\/10\/Gestion-de-riesgos221.jpg\" class=\"img-responsive wp-image-3134 img-with-aspect-ratio lazyload\" alt data-srcset=\"https:\/\/intelsynet.com\/wp-content\/uploads\/2022\/10\/Gestion-de-riesgos221-200x133.jpg 200w, https:\/\/intelsynet.com\/wp-content\/uploads\/2022\/10\/Gestion-de-riesgos221-400x267.jpg 400w, https:\/\/intelsynet.com\/wp-content\/uploads\/2022\/10\/Gestion-de-riesgos221-600x400.jpg 600w, https:\/\/intelsynet.com\/wp-content\/uploads\/2022\/10\/Gestion-de-riesgos221-800x534.jpg 800w, https:\/\/intelsynet.com\/wp-content\/uploads\/2022\/10\/Gestion-de-riesgos221.jpg 1024w\" data-sizes=\"(max-width: 800px) 100vw, 1024px\" src=\"data:image\/svg+xml;base64,PHN2ZyB3aWR0aD0iMSIgaGVpZ2h0PSIxIiB4bWxucz0iaHR0cDovL3d3dy53My5vcmcvMjAwMC9zdmciPjwvc3ZnPg==\" style=\"--smush-placeholder-width: 1024px; --smush-placeholder-aspect-ratio: 1024\/683;\" \/><\/a><\/span><div class=\"fusion-sep-clear\"><\/div><div class=\"fusion-separator fusion-full-width-sep\" style=\"margin-left: auto;margin-right: auto;margin-top:12px;margin-bottom:0px;width:100%;\"><\/div><div class=\"fusion-sep-clear\"><\/div><div class=\"fusion-align-block\"><style>.fusion-button.button-1{border-radius:2px 2px 2px 2px;padding-bottom:20px;}<\/style><a class=\"fusion-button button-flat fusion-button-default-size button-default button-1 fusion-button-default-span fusion-button-default-type\" target=\"_self\" href=\"https:\/\/intelsynet.com\/es\/categoria\/nuestros-articulos\/gestion-de-riesgos\/\" style=\"width:calc(100%);\"><span class=\"fusion-button-text\">Gesti\u00f3n de Riesgos<\/span><\/a><\/div><div class=\"fusion-clearfix\"><\/div><\/div><\/div><div class=\"fusion-layout-column fusion_builder_column fusion-builder-column-2 fusion_builder_column_1_1 1_1 fusion-one-full fusion-column-first fusion-column-last\" style=\"margin-top:0px;margin-bottom:20px;\"><div class=\"fusion-column-wrapper fusion-flex-column-wrapper-legacy\" style=\"background-position:left top;background-repeat:no-repeat;-webkit-background-size:cover;-moz-background-size:cover;-o-background-size:cover;background-size:cover;padding: 0px 0px 0px 0px;\"><style>.fusion-imageframe.imageframe-2 img{aspect-ratio:2 \/ 1;object-position:49% 51%;}<\/style><span class=\" fusion-imageframe imageframe-none imageframe-2 hover-type-zoomin has-aspect-ratio\"><a class=\"fusion-no-lightbox\" href=\"https:\/\/intelsynet.com\/es\/categoria\/nuestros-articulos\/geopolitica\/\" target=\"_self\" aria-label=\"haberler_header\"><img decoding=\"async\" width=\"1920\" height=\"720\" data-src=\"https:\/\/intelsynet.com\/wp-content\/uploads\/2020\/01\/haberler_header.jpg\" class=\"img-responsive wp-image-1470 img-with-aspect-ratio lazyload\" alt data-srcset=\"https:\/\/intelsynet.com\/wp-content\/uploads\/2020\/01\/haberler_header-200x75.jpg 200w, https:\/\/intelsynet.com\/wp-content\/uploads\/2020\/01\/haberler_header-400x150.jpg 400w, https:\/\/intelsynet.com\/wp-content\/uploads\/2020\/01\/haberler_header-600x225.jpg 600w, https:\/\/intelsynet.com\/wp-content\/uploads\/2020\/01\/haberler_header-800x300.jpg 800w, https:\/\/intelsynet.com\/wp-content\/uploads\/2020\/01\/haberler_header-1200x450.jpg 1200w, https:\/\/intelsynet.com\/wp-content\/uploads\/2020\/01\/haberler_header.jpg 1920w\" data-sizes=\"(max-width: 800px) 100vw, 1200px\" src=\"data:image\/svg+xml;base64,PHN2ZyB3aWR0aD0iMSIgaGVpZ2h0PSIxIiB4bWxucz0iaHR0cDovL3d3dy53My5vcmcvMjAwMC9zdmciPjwvc3ZnPg==\" style=\"--smush-placeholder-width: 1920px; --smush-placeholder-aspect-ratio: 1920\/720;\" \/><\/a><\/span><div class=\"fusion-sep-clear\"><\/div><div class=\"fusion-separator fusion-full-width-sep\" style=\"margin-left: auto;margin-right: auto;margin-top:12px;margin-bottom:0px;width:100%;\"><\/div><div class=\"fusion-sep-clear\"><\/div><div class=\"fusion-align-block\"><style>.fusion-button.button-2{border-radius:2px 2px 2px 2px;padding-bottom:20px;}<\/style><a class=\"fusion-button button-flat fusion-button-default-size button-default button-2 fusion-button-default-span fusion-button-default-type\" target=\"_self\" href=\"https:\/\/intelsynet.com\/es\/categoria\/nuestros-articulos\/geopolitica\/\" style=\"width:calc(100%);\"><span class=\"fusion-button-text\">Geopol\u00edtica<\/span><\/a><\/div><div class=\"fusion-clearfix\"><\/div><\/div><\/div><div class=\"fusion-layout-column fusion_builder_column fusion-builder-column-3 fusion_builder_column_1_1 1_1 fusion-one-full fusion-column-first fusion-column-last\" style=\"margin-top:0px;margin-bottom:20px;\"><div class=\"fusion-column-wrapper fusion-flex-column-wrapper-legacy\" style=\"background-position:left top;background-repeat:no-repeat;-webkit-background-size:cover;-moz-background-size:cover;-o-background-size:cover;background-size:cover;padding: 0px 0px 0px 0px;\"><style>.fusion-imageframe.imageframe-3 img{aspect-ratio:2 \/ 1;}<\/style><span class=\" fusion-imageframe imageframe-none imageframe-3 hover-type-zoomin has-aspect-ratio\"><a class=\"fusion-no-lightbox\" href=\"https:\/\/intelsynet.com\/es\/categoria\/nuestros-articulos\/sostenibilidad\/\" target=\"_self\" aria-label=\"Sostenibilidad 2\"><img decoding=\"async\" width=\"1200\" height=\"675\" data-src=\"https:\/\/intelsynet.com\/wp-content\/uploads\/2022\/10\/Sostenibilidad-2.jpg\" class=\"img-responsive wp-image-3126 img-with-aspect-ratio lazyload\" alt data-srcset=\"https:\/\/intelsynet.com\/wp-content\/uploads\/2022\/10\/Sostenibilidad-2-200x113.jpg 200w, https:\/\/intelsynet.com\/wp-content\/uploads\/2022\/10\/Sostenibilidad-2-400x225.jpg 400w, https:\/\/intelsynet.com\/wp-content\/uploads\/2022\/10\/Sostenibilidad-2-600x338.jpg 600w, https:\/\/intelsynet.com\/wp-content\/uploads\/2022\/10\/Sostenibilidad-2-800x450.jpg 800w, https:\/\/intelsynet.com\/wp-content\/uploads\/2022\/10\/Sostenibilidad-2.jpg 1200w\" data-sizes=\"(max-width: 800px) 100vw, 1200px\" src=\"data:image\/svg+xml;base64,PHN2ZyB3aWR0aD0iMSIgaGVpZ2h0PSIxIiB4bWxucz0iaHR0cDovL3d3dy53My5vcmcvMjAwMC9zdmciPjwvc3ZnPg==\" style=\"--smush-placeholder-width: 1200px; --smush-placeholder-aspect-ratio: 1200\/675;\" \/><\/a><\/span><div class=\"fusion-sep-clear\"><\/div><div class=\"fusion-separator fusion-full-width-sep\" style=\"margin-left: auto;margin-right: auto;margin-top:12px;margin-bottom:0px;width:100%;\"><\/div><div class=\"fusion-sep-clear\"><\/div><div class=\"fusion-align-block\"><style>.fusion-button.button-3{border-radius:2px 2px 2px 2px;padding-bottom:20px;}<\/style><a class=\"fusion-button button-flat fusion-button-default-size button-default button-3 fusion-button-default-span fusion-button-default-type\" target=\"_self\" href=\"https:\/\/intelsynet.com\/es\/categoria\/nuestros-articulos\/sostenibilidad\/\" style=\"width:calc(100%);\"><span class=\"fusion-button-text\">Sostenibilidad<\/span><\/a><\/div><div class=\"fusion-clearfix\"><\/div><\/div><\/div><\/div><\/div><div class=\"fusion-fullwidth fullwidth-box fusion-builder-row-3 fusion-flex-container nonhundred-percent-fullwidth non-hundred-percent-height-scrolling\" style=\"background-color: rgba(255,255,255,0);background-position: center center;background-repeat: no-repeat;border-width: 0px 0px 0px 0px;border-color:rgba(97,158,133,0);border-style:solid;\" ><div class=\"fusion-builder-row fusion-row fusion-flex-align-items-flex-start\" style=\"max-width:1216.8px;margin-left: calc(-4% \/ 2 );margin-right: calc(-4% \/ 2 );\"><div class=\"fusion-layout-column fusion_builder_column fusion-builder-column-4 fusion_builder_column_1_1 1_1 fusion-flex-column\"><div class=\"fusion-column-wrapper fusion-flex-justify-content-flex-start fusion-content-layout-column\" style=\"background-position:left top;background-repeat:no-repeat;-webkit-background-size:cover;-moz-background-size:cover;-o-background-size:cover;background-size:cover;padding: 0px 0px 0px 0px;\"><div class=\"fusion-text fusion-text-2\"><p><\/p>\n<\/div><\/div><style type=\"text\/css\">.fusion-body .fusion-builder-column-8{width:100% !important;margin-top : 0px;margin-bottom : 0px;}.fusion-builder-column-8 > .fusion-column-wrapper {padding-top : 0px !important;padding-right : 0px !important;margin-right : 1.92%;padding-bottom : 0px !important;padding-left : 0px !important;margin-left : 1.92%;}@media only screen and (max-width:1024px) {.fusion-body .fusion-builder-column-8{width:100% !important;}.fusion-builder-column-8 > .fusion-column-wrapper {margin-right : 1.92%;margin-left : 1.92%;}}@media only screen and (max-width:640px) {.fusion-body .fusion-builder-column-8{width:100% !important;}.fusion-builder-column-8 > .fusion-column-wrapper {margin-right : 1.92%;margin-left : 1.92%;}}<\/style><\/div><\/div><style type=\"text\/css\">.fusion-body .fusion-flex-container.fusion-builder-row-7{ padding-top : 0px;margin-top : 0px;padding-right : 0px;padding-bottom : 0px;margin-bottom : 0px;padding-left : 0px;}<\/style><\/div><\/p>","protected":false},"excerpt":{"rendered":"","protected":false},"author":1,"featured_media":0,"parent":0,"menu_order":0,"comment_status":"closed","ping_status":"closed","template":"","meta":{"footnotes":""},"class_list":["post-834","page","type-page","status-publish","hentry"],"yoast_head":"<!-- This site is optimized with the Yoast SEO plugin v27.5 - https:\/\/yoast.com\/product\/yoast-seo-wordpress\/ -->\n<title>Intelsynet - Medios se comunicaci\u00f3n y art\u00edculos<\/title>\n<meta name=\"description\" content=\"Conoce las \u00faltimas noticias de Intelsynet en los medios se comunicaci\u00f3n y en los art\u00edculos de nuestro blog.\" \/>\n<meta name=\"robots\" content=\"index, follow, max-snippet:-1, max-image-preview:large, max-video-preview:-1\" \/>\n<link rel=\"canonical\" href=\"https:\/\/intelsynet.com\/es\/comunicacion\/\" \/>\n<meta property=\"og:locale\" content=\"es_ES\" \/>\n<meta property=\"og:type\" content=\"article\" \/>\n<meta property=\"og:title\" content=\"Intelsynet - Medios se comunicaci\u00f3n y art\u00edculos\" \/>\n<meta property=\"og:description\" content=\"Conoce las \u00faltimas noticias de Intelsynet en los medios se comunicaci\u00f3n y en los art\u00edculos de nuestro blog.\" \/>\n<meta property=\"og:url\" content=\"https:\/\/intelsynet.com\/es\/comunicacion\/\" \/>\n<meta property=\"og:site_name\" content=\"Intelsynet\" \/>\n<meta property=\"article:modified_time\" content=\"2022-10-14T12:04:09+00:00\" \/>\n<meta name=\"twitter:card\" content=\"summary_large_image\" \/>\n<meta name=\"twitter:label1\" content=\"Tiempo de lectura\" \/>\n\t<meta name=\"twitter:data1\" content=\"2 minutos\" \/>\n<script type=\"application\/ld+json\" class=\"yoast-schema-graph\">{\"@context\":\"https:\\\/\\\/schema.org\",\"@graph\":[{\"@type\":\"WebPage\",\"@id\":\"https:\\\/\\\/intelsynet.com\\\/es\\\/comunicacion\\\/\",\"url\":\"https:\\\/\\\/intelsynet.com\\\/es\\\/comunicacion\\\/\",\"name\":\"Intelsynet - Medios se comunicaci\u00f3n y art\u00edculos\",\"isPartOf\":{\"@id\":\"https:\\\/\\\/intelsynet.com\\\/es\\\/#website\"},\"datePublished\":\"2017-05-18T13:57:21+00:00\",\"dateModified\":\"2022-10-14T12:04:09+00:00\",\"description\":\"Conoce las \u00faltimas noticias de Intelsynet en los medios se comunicaci\u00f3n y en los art\u00edculos de nuestro blog.\",\"breadcrumb\":{\"@id\":\"https:\\\/\\\/intelsynet.com\\\/es\\\/comunicacion\\\/#breadcrumb\"},\"inLanguage\":\"es\",\"potentialAction\":[{\"@type\":\"ReadAction\",\"target\":[\"https:\\\/\\\/intelsynet.com\\\/es\\\/comunicacion\\\/\"]}]},{\"@type\":\"BreadcrumbList\",\"@id\":\"https:\\\/\\\/intelsynet.com\\\/es\\\/comunicacion\\\/#breadcrumb\",\"itemListElement\":[{\"@type\":\"ListItem\",\"position\":1,\"name\":\"Portada\",\"item\":\"https:\\\/\\\/intelsynet.com\\\/\"},{\"@type\":\"ListItem\",\"position\":2,\"name\":\"Comunicaci\u00f3n\"}]},{\"@type\":\"WebSite\",\"@id\":\"https:\\\/\\\/intelsynet.com\\\/es\\\/#website\",\"url\":\"https:\\\/\\\/intelsynet.com\\\/es\\\/\",\"name\":\"Intelsynet\",\"description\":\"Advisory Services\",\"potentialAction\":[{\"@type\":\"SearchAction\",\"target\":{\"@type\":\"EntryPoint\",\"urlTemplate\":\"https:\\\/\\\/intelsynet.com\\\/es\\\/?s={search_term_string}\"},\"query-input\":{\"@type\":\"PropertyValueSpecification\",\"valueRequired\":true,\"valueName\":\"search_term_string\"}}],\"inLanguage\":\"es\"}]}<\/script>\n<!-- \/ Yoast SEO plugin. -->","yoast_head_json":{"title":"Intelsynet - Medios se comunicaci\u00f3n y art\u00edculos","description":"Conoce las \u00faltimas noticias de Intelsynet en los medios se comunicaci\u00f3n y en los art\u00edculos de nuestro blog.","robots":{"index":"index","follow":"follow","max-snippet":"max-snippet:-1","max-image-preview":"max-image-preview:large","max-video-preview":"max-video-preview:-1"},"canonical":"https:\/\/intelsynet.com\/es\/comunicacion\/","og_locale":"es_ES","og_type":"article","og_title":"Intelsynet - Medios se comunicaci\u00f3n y art\u00edculos","og_description":"Conoce las \u00faltimas noticias de Intelsynet en los medios se comunicaci\u00f3n y en los art\u00edculos de nuestro blog.","og_url":"https:\/\/intelsynet.com\/es\/comunicacion\/","og_site_name":"Intelsynet","article_modified_time":"2022-10-14T12:04:09+00:00","twitter_card":"summary_large_image","twitter_misc":{"Tiempo de lectura":"2 minutos"},"schema":{"@context":"https:\/\/schema.org","@graph":[{"@type":"WebPage","@id":"https:\/\/intelsynet.com\/es\/comunicacion\/","url":"https:\/\/intelsynet.com\/es\/comunicacion\/","name":"Intelsynet - Medios se comunicaci\u00f3n y art\u00edculos","isPartOf":{"@id":"https:\/\/intelsynet.com\/es\/#website"},"datePublished":"2017-05-18T13:57:21+00:00","dateModified":"2022-10-14T12:04:09+00:00","description":"Conoce las \u00faltimas noticias de Intelsynet en los medios se comunicaci\u00f3n y en los art\u00edculos de nuestro blog.","breadcrumb":{"@id":"https:\/\/intelsynet.com\/es\/comunicacion\/#breadcrumb"},"inLanguage":"es","potentialAction":[{"@type":"ReadAction","target":["https:\/\/intelsynet.com\/es\/comunicacion\/"]}]},{"@type":"BreadcrumbList","@id":"https:\/\/intelsynet.com\/es\/comunicacion\/#breadcrumb","itemListElement":[{"@type":"ListItem","position":1,"name":"Portada","item":"https:\/\/intelsynet.com\/"},{"@type":"ListItem","position":2,"name":"Comunicaci\u00f3n"}]},{"@type":"WebSite","@id":"https:\/\/intelsynet.com\/es\/#website","url":"https:\/\/intelsynet.com\/es\/","name":"Intelsynet","description":"Advisory Services","potentialAction":[{"@type":"SearchAction","target":{"@type":"EntryPoint","urlTemplate":"https:\/\/intelsynet.com\/es\/?s={search_term_string}"},"query-input":{"@type":"PropertyValueSpecification","valueRequired":true,"valueName":"search_term_string"}}],"inLanguage":"es"}]}},"_links":{"self":[{"href":"https:\/\/intelsynet.com\/es\/wp-json\/wp\/v2\/pages\/834","targetHints":{"allow":["GET"]}}],"collection":[{"href":"https:\/\/intelsynet.com\/es\/wp-json\/wp\/v2\/pages"}],"about":[{"href":"https:\/\/intelsynet.com\/es\/wp-json\/wp\/v2\/types\/page"}],"author":[{"embeddable":true,"href":"https:\/\/intelsynet.com\/es\/wp-json\/wp\/v2\/users\/1"}],"replies":[{"embeddable":true,"href":"https:\/\/intelsynet.com\/es\/wp-json\/wp\/v2\/comments?post=834"}],"version-history":[{"count":7,"href":"https:\/\/intelsynet.com\/es\/wp-json\/wp\/v2\/pages\/834\/revisions"}],"predecessor-version":[{"id":3135,"href":"https:\/\/intelsynet.com\/es\/wp-json\/wp\/v2\/pages\/834\/revisions\/3135"}],"wp:attachment":[{"href":"https:\/\/intelsynet.com\/es\/wp-json\/wp\/v2\/media?parent=834"}],"curies":[{"name":"wp","href":"https:\/\/api.w.org\/{rel}","templated":true}]}}