{"id":571,"date":"2017-02-27T12:29:13","date_gmt":"2017-02-27T12:29:13","guid":{"rendered":"http:\/\/intelsynet.com\/?page_id=571"},"modified":"2022-09-01T14:22:05","modified_gmt":"2022-09-01T14:22:05","slug":"risk-advisory","status":"publish","type":"page","link":"https:\/\/intelsynet.com\/es\/risk-advisory\/","title":{"rendered":"Gesti\u00f3n de Riesgos"},"content":{"rendered":"<p><div class=\"fusion-fullwidth fullwidth-box fusion-builder-row-1 fusion-parallax-none nonhundred-percent-fullwidth non-hundred-percent-height-scrolling fusion-equal-height-columns lazyload\" style=\"background-color: #128bce;background-image:inherit;background-position: center center;background-repeat: no-repeat;padding-top:170px;padding-right:0px;padding-bottom:115px;padding-left:0px;margin-bottom: -150px;margin-top: -250px;border-width: 0px 0px 0px 0px;border-color:rgba(97,158,133,0);border-style:solid;-webkit-background-size:cover;-moz-background-size:cover;-o-background-size:cover;background-size:cover;\"  data-bg-image=\"url(&quot;https:\/\/intelsynet.com\/wp-content\/uploads\/2019\/02\/risk_management.jpg&quot;)\"><div class=\"fusion-builder-row fusion-row\"><div class=\"fusion-layout-column fusion_builder_column fusion-builder-column-0 fusion_builder_column_1_1 1_1 fusion-one-full fusion-column-first fusion-column-last fusion-column-no-min-height\" style=\"margin-top:0px;margin-bottom:0px;\"><div class=\"fusion-column-wrapper fusion-flex-column-wrapper-legacy\" style=\"background-position:left top;background-repeat:no-repeat;-webkit-background-size:cover;-moz-background-size:cover;-o-background-size:cover;background-size:cover;padding: 0px 0px 0px 0px;\"><div class=\"fusion-sep-clear\"><\/div><div class=\"fusion-separator fusion-full-width-sep\" style=\"margin-left: auto;margin-right: auto;margin-bottom:50px;width:100%;\"><\/div><div class=\"fusion-sep-clear\"><\/div><style type=\"text\/css\"><\/style><div class=\"fusion-title title fusion-title-1 sep-underline sep-solid fusion-title-center fusion-title-text fusion-title-size-one\" style=\"border-bottom-color:#e0dede;margin-top:0px;margin-right:0px;margin-bottom:40px;margin-left:0px;\"><h1 class=\"title-heading-center fusion-responsive-typography-calculated\" style=\"margin:0;--fontSize:40;line-height:1.4;\"><h2><strong><span style=\"color: #ffffff;\">Gesti\u00f3n de Riesgos<\/span><\/strong><\/h2><\/h1><\/div><div class=\"fusion-sep-clear\"><\/div><div class=\"fusion-separator fusion-full-width-sep\" style=\"margin-left: auto;margin-right: auto;width:100%;\"><\/div><div class=\"fusion-sep-clear\"><\/div><div class=\"fusion-text fusion-text-1\"><p><span style=\"color: #ffffff;\">Intelsynet ofrece asesoramiento y aporta soluciones en:<\/span><\/p>\n<\/div><div class=\"fusion-tabs fusion-tabs-1 clean vertical-tabs icon-position-left\"><style type=\"text\/css\">#wrapper .fusion-tabs.fusion-tabs-1.clean .nav-tabs li a.tab-link{border-color:#ebeaea;}.fusion-tabs.fusion-tabs-1 .nav-tabs li a.tab-link{background-color:rgba(255,255,255,0.5);}.fusion-tabs.fusion-tabs-1 .nav-tabs li.active a.tab-link,.fusion-tabs.fusion-tabs-1 .nav-tabs li.active a.tab-link:hover,.fusion-tabs.fusion-tabs-1 .nav-tabs li.active a.tab-link:focus{background-color:rgba(255,255,255,0);}.fusion-tabs.fusion-tabs-1 .nav-tabs li a:hover{background-color:rgba(255,255,255,0);border-top-color:rgba(255,255,255,0);}.fusion-tabs.fusion-tabs-1 .tab-pane{background-color:rgba(255,255,255,0);}.fusion-tabs.fusion-tabs-1 .nav,.fusion-tabs.fusion-tabs-1 .nav-tabs,.fusion-tabs.fusion-tabs-1 .tab-content .tab-pane{border-color:#ebeaea;}<\/style><div class=\"nav\"><ul class=\"nav-tabs\" role=\"tablist\"><li class=\"active\" role=\"presentation\"><a class=\"tab-link\" data-toggle=\"tab\" role=\"tab\" aria-controls=\"tab-1929d0f4f4dc30cdb7f\" aria-selected=\"true\" id=\"fusion-tab-ciberseguridad\" href=\"#tab-1929d0f4f4dc30cdb7f\"><h4 class=\"fusion-tab-heading\">CIBERSEGURIDAD<\/h4><\/a><\/li><li role=\"presentation\"><a class=\"tab-link\" data-toggle=\"tab\" role=\"tab\" aria-controls=\"tab-1f98d8cba4502db10b0\" aria-selected=\"false\" tabindex=\"-1\" id=\"fusion-tab-riesgoclim\u00c1tico\" href=\"#tab-1f98d8cba4502db10b0\"><h4 class=\"fusion-tab-heading\">RIESGO CLIM\u00c1TICO<\/h4><\/a><\/li><li role=\"presentation\"><a class=\"tab-link\" data-toggle=\"tab\" role=\"tab\" aria-controls=\"tab-782e6f13f14f4b86ce5\" aria-selected=\"false\" tabindex=\"-1\" id=\"fusion-tab-riesgoregulatorio\" href=\"#tab-782e6f13f14f4b86ce5\"><h4 class=\"fusion-tab-heading\">RIESGO REGULATORIO <\/h4><\/a><\/li><li role=\"presentation\"><a class=\"tab-link\" data-toggle=\"tab\" role=\"tab\" aria-controls=\"tab-3c92d99a441c98211fd\" aria-selected=\"false\" tabindex=\"-1\" id=\"fusion-tab-riesgoreputacional\" href=\"#tab-3c92d99a441c98211fd\"><h4 class=\"fusion-tab-heading\">RIESGO REPUTACIONAL<\/h4><\/a><\/li><li role=\"presentation\"><a class=\"tab-link\" data-toggle=\"tab\" role=\"tab\" aria-controls=\"tab-9e29a2cafa3190f17b3\" aria-selected=\"false\" tabindex=\"-1\" id=\"fusion-tab-riesgotecnol\u00d3gico\" href=\"#tab-9e29a2cafa3190f17b3\"><h4 class=\"fusion-tab-heading\">RIESGO TECNOL\u00d3GICO<\/h4><\/a><\/li><li role=\"presentation\"><a class=\"tab-link\" data-toggle=\"tab\" role=\"tab\" aria-controls=\"tab-1ff1d1c0dacb75393b7\" aria-selected=\"false\" tabindex=\"-1\" id=\"fusion-tab-riesgointerno\/externo\" href=\"#tab-1ff1d1c0dacb75393b7\"><h4 class=\"fusion-tab-heading\">RIESGO INTERNO\/EXTERNO<\/h4><\/a><\/li><li role=\"presentation\"><a class=\"tab-link\" data-toggle=\"tab\" role=\"tab\" aria-controls=\"tab-47fc1ae8214aa146a35\" aria-selected=\"false\" tabindex=\"-1\" id=\"fusion-tab-auditor\u00cda\" href=\"#tab-47fc1ae8214aa146a35\"><h4 class=\"fusion-tab-heading\">AUDITOR\u00cdA<\/h4><\/a><\/li><\/ul><\/div><div class=\"tab-content\"><div class=\"nav fusion-mobile-tab-nav\"><ul class=\"nav-tabs\" role=\"tablist\"><li class=\"active\" role=\"presentation\"><a class=\"tab-link\" data-toggle=\"tab\" role=\"tab\" aria-controls=\"tab-1929d0f4f4dc30cdb7f\" aria-selected=\"true\" id=\"mobile-fusion-tab-ciberseguridad\" href=\"#tab-1929d0f4f4dc30cdb7f\"><h4 class=\"fusion-tab-heading\">CIBERSEGURIDAD<\/h4><\/a><\/li><\/ul><\/div><div class=\"tab-pane fade fusion-clearfix in active\" role=\"tabpanel\" tabindex=\"0\" aria-labelledby=\"fusion-tab-ciberseguridad\" id=\"tab-1929d0f4f4dc30cdb7f\">\n<p><span style=\"color: #ffffff;\">Ofrecemos una soluci\u00f3n de <strong>ciberseguridad gestionada <\/strong>gracias al cual, y adapt\u00e1ndonos al tama\u00f1o del cliente, <strong>asesoramos, formamos y protegemos<\/strong> su compa\u00f1\u00eda como si de un equipo interno se tratase.<\/span><\/p>\n<p><span style=\"color: #ffffff;\">Esta soluci\u00f3n forma parte de otra de mayor alcance: <strong>CSO (Chief Security Officer) as a Service (CSOaaS)<\/strong> en el que ofrecemos asesoramiento 360\u00ba en seguridad tanto f\u00edsica como ciber.<\/span><\/p>\n<\/div><div class=\"nav fusion-mobile-tab-nav\"><ul class=\"nav-tabs\" role=\"tablist\"><li role=\"presentation\"><a class=\"tab-link\" data-toggle=\"tab\" role=\"tab\" aria-controls=\"tab-1f98d8cba4502db10b0\" aria-selected=\"false\" tabindex=\"-1\" id=\"mobile-fusion-tab-riesgoclim\u00c1tico\" href=\"#tab-1f98d8cba4502db10b0\"><h4 class=\"fusion-tab-heading\">RIESGO CLIM\u00c1TICO<\/h4><\/a><\/li><\/ul><\/div><div class=\"tab-pane fade fusion-clearfix\" role=\"tabpanel\" tabindex=\"0\" aria-labelledby=\"fusion-tab-riesgoclim\u00c1tico\" id=\"tab-1f98d8cba4502db10b0\">\n<p><span style=\"color: #ffffff;\">Proponemos soluciones que ayuden a las empresas a analizar su riesgo clim\u00e1tico, a reducir su huella de carbono y a avanzar en la transici\u00f3n medioambiental en la que estamos inmersos; de forma que consigan que sus negocios sean m\u00e1s sostenibles y resilientes.<\/span><\/p>\n<\/div><div class=\"nav fusion-mobile-tab-nav\"><ul class=\"nav-tabs\" role=\"tablist\"><li role=\"presentation\"><a class=\"tab-link\" data-toggle=\"tab\" role=\"tab\" aria-controls=\"tab-782e6f13f14f4b86ce5\" aria-selected=\"false\" tabindex=\"-1\" id=\"mobile-fusion-tab-riesgoregulatorio\" href=\"#tab-782e6f13f14f4b86ce5\"><h4 class=\"fusion-tab-heading\">RIESGO REGULATORIO <\/h4><\/a><\/li><\/ul><\/div><div class=\"tab-pane fade fusion-clearfix\" role=\"tabpanel\" tabindex=\"0\" aria-labelledby=\"fusion-tab-riesgoregulatorio\" id=\"tab-782e6f13f14f4b86ce5\">\n<p><span style=\"color: #ffffff;\">Un cambio en las leyes o regulaciones tanto a nivel estatal como internacional puede aumentar el coste de operaci\u00f3n de un negocio, reducir el atractivo de una inversi\u00f3n o cambiar el panorama competitivo.<\/span><\/p>\n<ul>\n<li><span style=\"color: #ffffff;\">Estrategia regulatoria.<\/span><\/li>\n<li><span style=\"color: #ffffff;\">Cumplimiento regulatorio.<\/span><\/li>\n<li><span style=\"color: #ffffff;\">Respuesta a requerimientos regulatorios.<\/span><\/li>\n<li><span style=\"color: #ffffff;\">Medidas t\u00e9cnicas y organizativas apropiadas a fin de que se puedan acreditar y garantizar su cumplimiento conforme al RGPD.<\/span><\/li>\n<\/ul>\n<\/div><div class=\"nav fusion-mobile-tab-nav\"><ul class=\"nav-tabs\" role=\"tablist\"><li role=\"presentation\"><a class=\"tab-link\" data-toggle=\"tab\" role=\"tab\" aria-controls=\"tab-3c92d99a441c98211fd\" aria-selected=\"false\" tabindex=\"-1\" id=\"mobile-fusion-tab-riesgoreputacional\" href=\"#tab-3c92d99a441c98211fd\"><h4 class=\"fusion-tab-heading\">RIESGO REPUTACIONAL<\/h4><\/a><\/li><\/ul><\/div><div class=\"tab-pane fade fusion-clearfix\" role=\"tabpanel\" tabindex=\"0\" aria-labelledby=\"fusion-tab-riesgoreputacional\" id=\"tab-3c92d99a441c98211fd\">\n<p><span style=\"color: #ffffff;\">Todas las incidencias en el entorno corporativo conllevan un impacto reputacional y dicha incidencia requiere de una gesti\u00f3n propia.<\/span><\/p>\n<p><span style=\"color: #ffffff;\">Desde <strong>Intelsynet<\/strong> generamos una alerta temprana ante dichos incidentes y preparamos la gesti\u00f3n tanto del mismo como de sus consecuencias reputacionales.<\/span><\/p>\n<p><span style=\"color: #ffffff;\">\u00c1reas de cobertura:<\/span><\/p>\n<ul>\n<li><span style=\"color: #ffffff;\">Robo de identidad e informaci\u00f3n personal<\/span><\/li>\n<li><span style=\"color: #ffffff;\">Violaci\u00f3n de privacidad<\/span><\/li>\n<li><span style=\"color: #ffffff;\">Informaci\u00f3n negativa significativa<\/span><\/li>\n<li><span style=\"color: #ffffff;\">Publicaci\u00f3n de informaci\u00f3n personal y privada<\/span><\/li>\n<\/ul>\n<\/div><div class=\"nav fusion-mobile-tab-nav\"><ul class=\"nav-tabs\" role=\"tablist\"><li role=\"presentation\"><a class=\"tab-link\" data-toggle=\"tab\" role=\"tab\" aria-controls=\"tab-9e29a2cafa3190f17b3\" aria-selected=\"false\" tabindex=\"-1\" id=\"mobile-fusion-tab-riesgotecnol\u00d3gico\" href=\"#tab-9e29a2cafa3190f17b3\"><h4 class=\"fusion-tab-heading\">RIESGO TECNOL\u00d3GICO<\/h4><\/a><\/li><\/ul><\/div><div class=\"tab-pane fade fusion-clearfix\" role=\"tabpanel\" tabindex=\"0\" aria-labelledby=\"fusion-tab-riesgotecnol\u00d3gico\" id=\"tab-9e29a2cafa3190f17b3\">\n<p><span style=\"color: #ffffff;\">Los riesgos asociados a las nuevas tecnolog\u00edas se encuentran en constante evoluci\u00f3n y por ello se hace\u00a0necesario crear y adaptar constantemente los medios y m\u00e9todos usados\u00a0para conservar la seguridad de la informaci\u00f3n que las empresas quieren proteger.<\/span><\/p>\n<p><span style=\"color: #ffffff;\"><strong>INTELSYNET<\/strong> te acompa\u00f1a en todo el proceso asesor\u00e1ndote de forma individualizada reduciendo al m\u00ednimo el impacto de este riesgo mediante la implantaci\u00f3n de las medidas adecuadas.<\/span><\/p>\n<\/div><div class=\"nav fusion-mobile-tab-nav\"><ul class=\"nav-tabs\" role=\"tablist\"><li role=\"presentation\"><a class=\"tab-link\" data-toggle=\"tab\" role=\"tab\" aria-controls=\"tab-1ff1d1c0dacb75393b7\" aria-selected=\"false\" tabindex=\"-1\" id=\"mobile-fusion-tab-riesgointerno\/externo\" href=\"#tab-1ff1d1c0dacb75393b7\"><h4 class=\"fusion-tab-heading\">RIESGO INTERNO\/EXTERNO<\/h4><\/a><\/li><\/ul><\/div><div class=\"tab-pane fade fusion-clearfix\" role=\"tabpanel\" tabindex=\"0\" aria-labelledby=\"fusion-tab-riesgointerno\/externo\" id=\"tab-1ff1d1c0dacb75393b7\">\n<p><span style=\"color: #ffffff;\">Obtenemos una\u00a0valoraci\u00f3n\u00a0objetiva\u00a0y permanente de nuestros clientes desde la perspectiva del riesgo.<\/span><\/p>\n<p><span style=\"color: #ffffff;\">Dirigido a la protecci\u00f3n de los activos de la empresa frente a proveedores, clientes operaciones corporativas, procesos de selecci\u00f3n, empleados, presentes y pasados, descontentos. Siempre con el objetivo de restablecer la confianza de las partes interesadas en la empresa.<\/span><\/p>\n<ul>\n<li><span style=\"color: #ffffff;\">Implantaci\u00f3n de medidas destinadas a minimizar el riesgo.<\/span>\n<ul>\n<li><span style=\"color: #ffffff;\">Background check<\/span><\/li>\n<li><span style=\"color: #ffffff;\">Personal due diligence<\/span><\/li>\n<li><span style=\"color: #ffffff;\">Monitorizaci\u00f3n de proveedores<\/span><\/li>\n<\/ul>\n<\/li>\n<\/ul>\n<\/div><div class=\"nav fusion-mobile-tab-nav\"><ul class=\"nav-tabs\" role=\"tablist\"><li role=\"presentation\"><a class=\"tab-link\" data-toggle=\"tab\" role=\"tab\" aria-controls=\"tab-47fc1ae8214aa146a35\" aria-selected=\"false\" tabindex=\"-1\" id=\"mobile-fusion-tab-auditor\u00cda\" href=\"#tab-47fc1ae8214aa146a35\"><h4 class=\"fusion-tab-heading\">AUDITOR\u00cdA<\/h4><\/a><\/li><\/ul><\/div><div class=\"tab-pane fade fusion-clearfix\" role=\"tabpanel\" tabindex=\"0\" aria-labelledby=\"fusion-tab-auditor\u00cda\" id=\"tab-47fc1ae8214aa146a35\">\n<p><span style=\"color: #ffffff;\">Servicios para la adecuaci\u00f3n de su empresa a la regulaci\u00f3n nacional\/internacion<\/span><\/p>\n<ul>\n<li><span style=\"color: #ffffff;\">Auditoria de Protecci\u00f3n de Datos (LOPD \/ RGPD)<\/span><\/li>\n<li><span style=\"color: #ffffff;\">Adecuaci\u00f3n y certificaci\u00f3n PCI \u2013 DSS<\/span><\/li>\n<li><span style=\"color: #ffffff;\">Preparaci\u00f3n y acompa\u00f1amiento a certificaciones ISO<\/span><\/li>\n<li><span style=\"color: #ffffff;\">Auditoria y certificaci\u00f3n PSD2<\/span><\/li>\n<li><span style=\"color: #ffffff;\">Auditoria Integral de Seguridad F\u00edsica.<\/span><\/li>\n<\/ul>\n<\/div><\/div><\/div><div class=\"fusion-aligncenter\"><style>.fusion-button.button-1{border-radius:2px 2px 2px 2px;}<\/style><a class=\"fusion-button button-flat fusion-button-default-size button-default button-1 fusion-button-span-no fusion-button-default-type\" target=\"_self\" href=\"servicios\"><span class=\"fusion-button-text\">Qu\u00e9 hacemos<\/span><\/a><\/div><div class=\"fusion-clearfix\"><\/div><\/div><\/div><\/div><\/div><\/p>","protected":false},"excerpt":{"rendered":"","protected":false},"author":1,"featured_media":0,"parent":0,"menu_order":0,"comment_status":"closed","ping_status":"closed","template":"100-width.php","meta":{"footnotes":""},"class_list":["post-571","page","type-page","status-publish","hentry"],"yoast_head":"<!-- This site is optimized with the Yoast SEO plugin v27.4 - https:\/\/yoast.com\/product\/yoast-seo-wordpress\/ -->\n<title>Intelsynet - Gesti\u00f3n de riesgos<\/title>\n<meta name=\"description\" content=\"Asesoramiento en gesti\u00f3n de riesgos, aportando soluciones en ciberseguridad, riesgo clim\u00e1tico, tecnol\u00f3gico y reputacional entre otros.\" \/>\n<meta name=\"robots\" content=\"index, follow, max-snippet:-1, max-image-preview:large, max-video-preview:-1\" \/>\n<link rel=\"canonical\" href=\"https:\/\/intelsynet.com\/risk-advisory\/\" \/>\n<meta property=\"og:locale\" content=\"es_ES\" \/>\n<meta property=\"og:type\" content=\"article\" \/>\n<meta property=\"og:title\" content=\"Intelsynet - Gesti\u00f3n de riesgos\" \/>\n<meta property=\"og:description\" content=\"Asesoramiento en gesti\u00f3n de riesgos, aportando soluciones en ciberseguridad, riesgo clim\u00e1tico, tecnol\u00f3gico y reputacional entre otros.\" \/>\n<meta property=\"og:url\" content=\"https:\/\/intelsynet.com\/risk-advisory\/\" \/>\n<meta property=\"og:site_name\" content=\"Intelsynet\" \/>\n<meta property=\"article:modified_time\" content=\"2022-09-01T14:22:05+00:00\" \/>\n<meta name=\"twitter:card\" content=\"summary_large_image\" \/>\n<meta name=\"twitter:label1\" content=\"Tiempo de lectura\" \/>\n\t<meta name=\"twitter:data1\" content=\"3 minutos\" \/>\n<script type=\"application\/ld+json\" class=\"yoast-schema-graph\">{\"@context\":\"https:\\\/\\\/schema.org\",\"@graph\":[{\"@type\":\"WebPage\",\"@id\":\"https:\\\/\\\/intelsynet.com\\\/risk-advisory\\\/\",\"url\":\"https:\\\/\\\/intelsynet.com\\\/risk-advisory\\\/\",\"name\":\"Intelsynet - Gesti\u00f3n de riesgos\",\"isPartOf\":{\"@id\":\"https:\\\/\\\/intelsynet.com\\\/es\\\/#website\"},\"datePublished\":\"2017-02-27T12:29:13+00:00\",\"dateModified\":\"2022-09-01T14:22:05+00:00\",\"description\":\"Asesoramiento en gesti\u00f3n de riesgos, aportando soluciones en ciberseguridad, riesgo clim\u00e1tico, tecnol\u00f3gico y reputacional entre otros.\",\"breadcrumb\":{\"@id\":\"https:\\\/\\\/intelsynet.com\\\/risk-advisory\\\/#breadcrumb\"},\"inLanguage\":\"es\",\"potentialAction\":[{\"@type\":\"ReadAction\",\"target\":[\"https:\\\/\\\/intelsynet.com\\\/risk-advisory\\\/\"]}]},{\"@type\":\"BreadcrumbList\",\"@id\":\"https:\\\/\\\/intelsynet.com\\\/risk-advisory\\\/#breadcrumb\",\"itemListElement\":[{\"@type\":\"ListItem\",\"position\":1,\"name\":\"Portada\",\"item\":\"https:\\\/\\\/intelsynet.com\\\/\"},{\"@type\":\"ListItem\",\"position\":2,\"name\":\"Gesti\u00f3n de Riesgos\"}]},{\"@type\":\"WebSite\",\"@id\":\"https:\\\/\\\/intelsynet.com\\\/es\\\/#website\",\"url\":\"https:\\\/\\\/intelsynet.com\\\/es\\\/\",\"name\":\"Intelsynet\",\"description\":\"Advisory Services\",\"potentialAction\":[{\"@type\":\"SearchAction\",\"target\":{\"@type\":\"EntryPoint\",\"urlTemplate\":\"https:\\\/\\\/intelsynet.com\\\/es\\\/?s={search_term_string}\"},\"query-input\":{\"@type\":\"PropertyValueSpecification\",\"valueRequired\":true,\"valueName\":\"search_term_string\"}}],\"inLanguage\":\"es\"}]}<\/script>\n<!-- \/ Yoast SEO plugin. -->","yoast_head_json":{"title":"Intelsynet - Gesti\u00f3n de riesgos","description":"Asesoramiento en gesti\u00f3n de riesgos, aportando soluciones en ciberseguridad, riesgo clim\u00e1tico, tecnol\u00f3gico y reputacional entre otros.","robots":{"index":"index","follow":"follow","max-snippet":"max-snippet:-1","max-image-preview":"max-image-preview:large","max-video-preview":"max-video-preview:-1"},"canonical":"https:\/\/intelsynet.com\/risk-advisory\/","og_locale":"es_ES","og_type":"article","og_title":"Intelsynet - Gesti\u00f3n de riesgos","og_description":"Asesoramiento en gesti\u00f3n de riesgos, aportando soluciones en ciberseguridad, riesgo clim\u00e1tico, tecnol\u00f3gico y reputacional entre otros.","og_url":"https:\/\/intelsynet.com\/risk-advisory\/","og_site_name":"Intelsynet","article_modified_time":"2022-09-01T14:22:05+00:00","twitter_card":"summary_large_image","twitter_misc":{"Tiempo de lectura":"3 minutos"},"schema":{"@context":"https:\/\/schema.org","@graph":[{"@type":"WebPage","@id":"https:\/\/intelsynet.com\/risk-advisory\/","url":"https:\/\/intelsynet.com\/risk-advisory\/","name":"Intelsynet - Gesti\u00f3n de riesgos","isPartOf":{"@id":"https:\/\/intelsynet.com\/es\/#website"},"datePublished":"2017-02-27T12:29:13+00:00","dateModified":"2022-09-01T14:22:05+00:00","description":"Asesoramiento en gesti\u00f3n de riesgos, aportando soluciones en ciberseguridad, riesgo clim\u00e1tico, tecnol\u00f3gico y reputacional entre otros.","breadcrumb":{"@id":"https:\/\/intelsynet.com\/risk-advisory\/#breadcrumb"},"inLanguage":"es","potentialAction":[{"@type":"ReadAction","target":["https:\/\/intelsynet.com\/risk-advisory\/"]}]},{"@type":"BreadcrumbList","@id":"https:\/\/intelsynet.com\/risk-advisory\/#breadcrumb","itemListElement":[{"@type":"ListItem","position":1,"name":"Portada","item":"https:\/\/intelsynet.com\/"},{"@type":"ListItem","position":2,"name":"Gesti\u00f3n de Riesgos"}]},{"@type":"WebSite","@id":"https:\/\/intelsynet.com\/es\/#website","url":"https:\/\/intelsynet.com\/es\/","name":"Intelsynet","description":"Advisory Services","potentialAction":[{"@type":"SearchAction","target":{"@type":"EntryPoint","urlTemplate":"https:\/\/intelsynet.com\/es\/?s={search_term_string}"},"query-input":{"@type":"PropertyValueSpecification","valueRequired":true,"valueName":"search_term_string"}}],"inLanguage":"es"}]}},"_links":{"self":[{"href":"https:\/\/intelsynet.com\/es\/wp-json\/wp\/v2\/pages\/571","targetHints":{"allow":["GET"]}}],"collection":[{"href":"https:\/\/intelsynet.com\/es\/wp-json\/wp\/v2\/pages"}],"about":[{"href":"https:\/\/intelsynet.com\/es\/wp-json\/wp\/v2\/types\/page"}],"author":[{"embeddable":true,"href":"https:\/\/intelsynet.com\/es\/wp-json\/wp\/v2\/users\/1"}],"replies":[{"embeddable":true,"href":"https:\/\/intelsynet.com\/es\/wp-json\/wp\/v2\/comments?post=571"}],"version-history":[{"count":6,"href":"https:\/\/intelsynet.com\/es\/wp-json\/wp\/v2\/pages\/571\/revisions"}],"predecessor-version":[{"id":3050,"href":"https:\/\/intelsynet.com\/es\/wp-json\/wp\/v2\/pages\/571\/revisions\/3050"}],"wp:attachment":[{"href":"https:\/\/intelsynet.com\/es\/wp-json\/wp\/v2\/media?parent=571"}],"curies":[{"name":"wp","href":"https:\/\/api.w.org\/{rel}","templated":true}]}}