{"id":538,"date":"2017-02-27T10:40:45","date_gmt":"2017-02-27T10:40:45","guid":{"rendered":"http:\/\/intelsynet.com\/?page_id=538"},"modified":"2023-09-12T10:10:00","modified_gmt":"2023-09-12T10:10:00","slug":"contacto","status":"publish","type":"page","link":"https:\/\/intelsynet.com\/es\/contacto\/","title":{"rendered":"Contacto"},"content":{"rendered":"<p><div class=\"fusion-fullwidth fullwidth-box fusion-builder-row-1 nonhundred-percent-fullwidth non-hundred-percent-height-scrolling\" style=\"background-color: #f4f4f4;background-position: center bottom;background-repeat: repeat-x;padding-top:0px;padding-right:0px;padding-bottom:0px;padding-left:0px;margin-bottom: 0px;margin-top: 0px;border-width: 0px 0px 0px 0px;border-color:rgba(97,158,133,0);border-style:solid;\" ><div class=\"fusion-builder-row fusion-row\"><div class=\"fusion-layout-column fusion_builder_column fusion-builder-column-0 fusion_builder_column_1_2 1_2 fusion-one-half fusion-column-first\" style=\"width:48%; margin-right: 4%;margin-top:50px;margin-bottom:50px;\"><div class=\"fusion-column-wrapper fusion-flex-column-wrapper-legacy\" style=\"background-position:left top;background-repeat:no-repeat;-webkit-background-size:cover;-moz-background-size:cover;-o-background-size:cover;background-size:cover;padding: 0px 15% 0px 15%;\"><div class=\"fusion-text fusion-text-1\"><p><iframe style=\"border: 0;\" data-src=\"https:\/\/www.google.com\/maps\/embed?pb=!1m18!1m12!1m3!1d3036.6777504421325!2d-3.6914536841518415!3d40.43813397936269!2m3!1f0!2f0!3f0!3m2!1i1024!2i768!4f13.1!3m3!1m2!1s0xd41864d7a4c0cef%3A0x430f2e47a8a4c641!2sIntelsynet+SCS!5e0!3m2!1ses!2ses!4v1528362857684\" width=\"400\" height=\"300\" frameborder=\"0\" allowfullscreen=\"allowfullscreen\" src=\"data:image\/svg+xml;base64,PHN2ZyB3aWR0aD0iMSIgaGVpZ2h0PSIxIiB4bWxucz0iaHR0cDovL3d3dy53My5vcmcvMjAwMC9zdmciPjwvc3ZnPg==\" class=\"lazyload\" data-load-mode=\"1\"><\/iframe><\/p>\n<\/div><div class=\"fusion-text fusion-text-2\"><p> <script async defer src=\"https:\/\/maps.googleapis.com\/maps\/api\/js?key=AIzaSyCnebA567rZRU8c-eXucCk3F5vqvTdoFis &#038;callback=initMap\" type=\"text\/javascript\"><\/script><\/p>\n<\/div><div class=\"fusion-clearfix\"><\/div><\/div><\/div><div class=\"fusion-layout-column fusion_builder_column fusion-builder-column-1 fusion_builder_column_1_2 1_2 fusion-one-half fusion-column-last\" style=\"width:48%;margin-top:0px;margin-bottom:20px;\"><div class=\"fusion-column-wrapper fusion-flex-column-wrapper-legacy\" style=\"background-position:left top;background-repeat:no-repeat;-webkit-background-size:cover;-moz-background-size:cover;-o-background-size:cover;background-size:cover;padding: 0px 0px 0px 20px;\"><div class=\"fusion-sep-clear\"><\/div><div class=\"fusion-separator fusion-full-width-sep\" style=\"margin-left: auto;margin-right: auto;margin-top:25px;margin-bottom:25px;width:100%;\"><\/div><div class=\"fusion-sep-clear\"><\/div><style type=\"text\/css\"><\/style><div class=\"fusion-title title fusion-title-1 fusion-sep-none fusion-title-text fusion-title-size-three\" style=\"margin-top:0px;margin-right:0px;margin-bottom:0px;margin-left:0px;\"><h3 class=\"title-heading-left fusion-responsive-typography-calculated\" style=\"margin:0;--fontSize:24;--minFontSize:24px;line-height:1.5;\"><span class=\"tlid-translation translation\"><span class=\"\" title=\"\">Localizaci\u00f3n<\/span><\/span><\/h3><\/div><div class=\"fusion-sep-clear\"><\/div><div class=\"fusion-separator fusion-clearfix\" style=\"float:left;margin-top:30px;margin-bottom:50px;width:100%;max-width:8%;\"><div class=\"fusion-separator-border sep-single sep-solid\" style=\"border-color:#03a9f4;border-top-width:1px;\"><\/div><\/div><div class=\"fusion-sep-clear\"><\/div><div class=\"fusion-text fusion-text-3\"><p>V\u00eda de las Dos Castillas, 33, Edificio \u00e1tica 4<\/p>\n<p>28224 Pozuelo de Alarc\u00f3n, Madrid<\/p>\n<p>Tel: (+34) 91 728 82 26<\/p>\n<p>Email: <a href=\"#\">info@intelsynet.com<\/a><\/p>\n<\/div><div class=\"fusion-sep-clear\"><\/div><div class=\"fusion-separator fusion-clearfix\" style=\"float:left;margin-top:30px;margin-bottom:30px;width:100%;max-width:60%;\"><\/div><div class=\"fusion-sep-clear\"><\/div><div class=\"fusion-clearfix\"><\/div><\/div><\/div><\/div><\/div><\/p>","protected":false},"excerpt":{"rendered":"","protected":false},"author":1,"featured_media":0,"parent":0,"menu_order":0,"comment_status":"closed","ping_status":"closed","template":"100-width.php","meta":{"footnotes":""},"class_list":["post-538","page","type-page","status-publish","hentry"],"yoast_head":"<!-- This site is optimized with the Yoast SEO plugin v27.5 - https:\/\/yoast.com\/product\/yoast-seo-wordpress\/ -->\n<title>Intelsynet - Contacta con nosotros | Asesoramiento y servicios<\/title>\n<meta name=\"description\" content=\"Contacta con nosotros. Ofrecemos asesoramiento y soluciones empresariales en la gesti\u00f3n de riesgos y l\u00f3gica econ\u00f3mica.\" \/>\n<meta name=\"robots\" content=\"index, follow, max-snippet:-1, max-image-preview:large, max-video-preview:-1\" \/>\n<link rel=\"canonical\" href=\"https:\/\/intelsynet.com\/contacto\/\" \/>\n<meta property=\"og:locale\" content=\"es_ES\" \/>\n<meta property=\"og:type\" content=\"article\" \/>\n<meta property=\"og:title\" content=\"Intelsynet - Contacta con nosotros | Asesoramiento y servicios\" \/>\n<meta property=\"og:description\" content=\"Contacta con nosotros. Ofrecemos asesoramiento y soluciones empresariales en la gesti\u00f3n de riesgos y l\u00f3gica econ\u00f3mica.\" \/>\n<meta property=\"og:url\" content=\"https:\/\/intelsynet.com\/contacto\/\" \/>\n<meta property=\"og:site_name\" content=\"Intelsynet\" \/>\n<meta property=\"article:modified_time\" content=\"2023-09-12T10:10:00+00:00\" \/>\n<meta name=\"twitter:card\" content=\"summary_large_image\" \/>\n<meta name=\"twitter:label1\" content=\"Tiempo de lectura\" \/>\n\t<meta name=\"twitter:data1\" content=\"3 minutos\" \/>\n<script type=\"application\/ld+json\" class=\"yoast-schema-graph\">{\"@context\":\"https:\\\/\\\/schema.org\",\"@graph\":[{\"@type\":\"WebPage\",\"@id\":\"https:\\\/\\\/intelsynet.com\\\/contacto\\\/\",\"url\":\"https:\\\/\\\/intelsynet.com\\\/contacto\\\/\",\"name\":\"Intelsynet - Contacta con nosotros | Asesoramiento y servicios\",\"isPartOf\":{\"@id\":\"https:\\\/\\\/intelsynet.com\\\/es\\\/#website\"},\"datePublished\":\"2017-02-27T10:40:45+00:00\",\"dateModified\":\"2023-09-12T10:10:00+00:00\",\"description\":\"Contacta con nosotros. Ofrecemos asesoramiento y soluciones empresariales en la gesti\u00f3n de riesgos y l\u00f3gica econ\u00f3mica.\",\"breadcrumb\":{\"@id\":\"https:\\\/\\\/intelsynet.com\\\/contacto\\\/#breadcrumb\"},\"inLanguage\":\"es\",\"potentialAction\":[{\"@type\":\"ReadAction\",\"target\":[\"https:\\\/\\\/intelsynet.com\\\/contacto\\\/\"]}]},{\"@type\":\"BreadcrumbList\",\"@id\":\"https:\\\/\\\/intelsynet.com\\\/contacto\\\/#breadcrumb\",\"itemListElement\":[{\"@type\":\"ListItem\",\"position\":1,\"name\":\"Portada\",\"item\":\"https:\\\/\\\/intelsynet.com\\\/\"},{\"@type\":\"ListItem\",\"position\":2,\"name\":\"Contacto\"}]},{\"@type\":\"WebSite\",\"@id\":\"https:\\\/\\\/intelsynet.com\\\/es\\\/#website\",\"url\":\"https:\\\/\\\/intelsynet.com\\\/es\\\/\",\"name\":\"Intelsynet\",\"description\":\"Advisory Services\",\"potentialAction\":[{\"@type\":\"SearchAction\",\"target\":{\"@type\":\"EntryPoint\",\"urlTemplate\":\"https:\\\/\\\/intelsynet.com\\\/es\\\/?s={search_term_string}\"},\"query-input\":{\"@type\":\"PropertyValueSpecification\",\"valueRequired\":true,\"valueName\":\"search_term_string\"}}],\"inLanguage\":\"es\"}]}<\/script>\n<!-- \/ Yoast SEO plugin. -->","yoast_head_json":{"title":"Intelsynet - Contacta con nosotros | Asesoramiento y servicios","description":"Contacta con nosotros. Ofrecemos asesoramiento y soluciones empresariales en la gesti\u00f3n de riesgos y l\u00f3gica econ\u00f3mica.","robots":{"index":"index","follow":"follow","max-snippet":"max-snippet:-1","max-image-preview":"max-image-preview:large","max-video-preview":"max-video-preview:-1"},"canonical":"https:\/\/intelsynet.com\/contacto\/","og_locale":"es_ES","og_type":"article","og_title":"Intelsynet - Contacta con nosotros | Asesoramiento y servicios","og_description":"Contacta con nosotros. Ofrecemos asesoramiento y soluciones empresariales en la gesti\u00f3n de riesgos y l\u00f3gica econ\u00f3mica.","og_url":"https:\/\/intelsynet.com\/contacto\/","og_site_name":"Intelsynet","article_modified_time":"2023-09-12T10:10:00+00:00","twitter_card":"summary_large_image","twitter_misc":{"Tiempo de lectura":"3 minutos"},"schema":{"@context":"https:\/\/schema.org","@graph":[{"@type":"WebPage","@id":"https:\/\/intelsynet.com\/contacto\/","url":"https:\/\/intelsynet.com\/contacto\/","name":"Intelsynet - Contacta con nosotros | Asesoramiento y servicios","isPartOf":{"@id":"https:\/\/intelsynet.com\/es\/#website"},"datePublished":"2017-02-27T10:40:45+00:00","dateModified":"2023-09-12T10:10:00+00:00","description":"Contacta con nosotros. Ofrecemos asesoramiento y soluciones empresariales en la gesti\u00f3n de riesgos y l\u00f3gica econ\u00f3mica.","breadcrumb":{"@id":"https:\/\/intelsynet.com\/contacto\/#breadcrumb"},"inLanguage":"es","potentialAction":[{"@type":"ReadAction","target":["https:\/\/intelsynet.com\/contacto\/"]}]},{"@type":"BreadcrumbList","@id":"https:\/\/intelsynet.com\/contacto\/#breadcrumb","itemListElement":[{"@type":"ListItem","position":1,"name":"Portada","item":"https:\/\/intelsynet.com\/"},{"@type":"ListItem","position":2,"name":"Contacto"}]},{"@type":"WebSite","@id":"https:\/\/intelsynet.com\/es\/#website","url":"https:\/\/intelsynet.com\/es\/","name":"Intelsynet","description":"Advisory Services","potentialAction":[{"@type":"SearchAction","target":{"@type":"EntryPoint","urlTemplate":"https:\/\/intelsynet.com\/es\/?s={search_term_string}"},"query-input":{"@type":"PropertyValueSpecification","valueRequired":true,"valueName":"search_term_string"}}],"inLanguage":"es"}]}},"_links":{"self":[{"href":"https:\/\/intelsynet.com\/es\/wp-json\/wp\/v2\/pages\/538","targetHints":{"allow":["GET"]}}],"collection":[{"href":"https:\/\/intelsynet.com\/es\/wp-json\/wp\/v2\/pages"}],"about":[{"href":"https:\/\/intelsynet.com\/es\/wp-json\/wp\/v2\/types\/page"}],"author":[{"embeddable":true,"href":"https:\/\/intelsynet.com\/es\/wp-json\/wp\/v2\/users\/1"}],"replies":[{"embeddable":true,"href":"https:\/\/intelsynet.com\/es\/wp-json\/wp\/v2\/comments?post=538"}],"version-history":[{"count":2,"href":"https:\/\/intelsynet.com\/es\/wp-json\/wp\/v2\/pages\/538\/revisions"}],"predecessor-version":[{"id":3247,"href":"https:\/\/intelsynet.com\/es\/wp-json\/wp\/v2\/pages\/538\/revisions\/3247"}],"wp:attachment":[{"href":"https:\/\/intelsynet.com\/es\/wp-json\/wp\/v2\/media?parent=538"}],"curies":[{"name":"wp","href":"https:\/\/api.w.org\/{rel}","templated":true}]}}