{"id":537,"date":"2017-02-27T10:40:50","date_gmt":"2017-02-27T10:40:50","guid":{"rendered":"http:\/\/intelsynet.com\/?page_id=537"},"modified":"2022-09-01T15:10:20","modified_gmt":"2022-09-01T15:10:20","slug":"servicios","status":"publish","type":"page","link":"https:\/\/intelsynet.com\/es\/servicios\/","title":{"rendered":"Servicios"},"content":{"rendered":"<p><div class=\"fusion-fullwidth fullwidth-box fusion-builder-row-1 nonhundred-percent-fullwidth non-hundred-percent-height-scrolling\" style=\"background-color: rgba(255,255,255,0);background-position: center center;background-repeat: no-repeat;padding-top:0px;padding-right:0px;padding-bottom:0px;padding-left:0px;margin-bottom: 0px;margin-top: -150px;border-width: 0px 0px 0px 0px;border-color:rgba(97,158,133,0);border-style:solid;\" ><div class=\"fusion-builder-row fusion-row\"><div class=\"fusion-layout-column fusion_builder_column fusion-builder-column-0 fusion_builder_column_1_1 1_1 fusion-one-full fusion-column-first fusion-column-last\" style=\"margin-top:0px;margin-bottom:0px;\"><div class=\"fusion-column-wrapper fusion-flex-column-wrapper-legacy\" style=\"background-position:left top;background-repeat:no-repeat;-webkit-background-size:cover;-moz-background-size:cover;-o-background-size:cover;background-size:cover;padding: 0px 0px 0px 0px;\">\n<div class=\"fusion-slider-revolution rev_slider_wrapper\">\t\t\t<!-- START 404 Error Space Theme1 REVOLUTION SLIDER 6.4.8 --><p class=\"rs-p-wp-fix\"><\/p>\n\t\t\t<rs-module-wrap id=\"rev_slider_7_1_wrapper\" data-source=\"gallery\" style=\"background:transparent;padding:0;margin:0px auto;margin-top:0;margin-bottom:0;\">\n\t\t\t\t<rs-module id=\"rev_slider_7_1\" style=\"\" data-version=\"6.4.8\">\n\t\t\t\t\t<rs-slides>\n\t\t\t\t\t\t<rs-slide data-key=\"rs-17\" data-title=\"404-Error-Space-Theme\" data-anim=\"ms:0ms;\">\n\t\t\t\t\t\t\t<img decoding=\"async\" data-src=\"\/\/intelsynet.com\/wp-content\/uploads\/revslider\/404-Error-Space-Theme\/space-bg.jpg\" title=\"space-bg.jpg\" width=\"1920\" height=\"1249\" class=\"rev-slidebg tp-rs-img lazyload\" data-no-retina src=\"data:image\/svg+xml;base64,PHN2ZyB3aWR0aD0iMSIgaGVpZ2h0PSIxIiB4bWxucz0iaHR0cDovL3d3dy53My5vcmcvMjAwMC9zdmciPjwvc3ZnPg==\" style=\"--smush-placeholder-width: 1920px; --smush-placeholder-aspect-ratio: 1920\/1249;\">\n<!--\n\t\t\t\t\t\t\t--><rs-layer\n\t\t\t\t\t\t\t\tid=\"slider-7-slide-17-layer-0\" \n\t\t\t\t\t\t\t\tdata-type=\"shape\"\n\t\t\t\t\t\t\t\tdata-bsh=\"c:#8c9aff;b:60px,60px,45px,27px;\"\n\t\t\t\t\t\t\t\tdata-rsp_ch=\"on\"\n\t\t\t\t\t\t\t\tdata-xy=\"x:c;y:b;yo:-2730px,-2795px,-2123px,-1309px;\"\n\t\t\t\t\t\t\t\tdata-text=\"w:normal;s:20,20,15,9;l:0,0,18,11;\"\n\t\t\t\t\t\t\t\tdata-dim=\"w:3000px,3072px,2334px,1440px;h:3000px,3072px,2334px,1440px;\"\n\t\t\t\t\t\t\t\tdata-basealign=\"slide\"\n\t\t\t\t\t\t\t\tdata-border=\"bor:51%,51%,51%,51%;\"\n\t\t\t\t\t\t\t\tdata-frame_0=\"y:300px,307px,233px,143px;o:1;\"\n\t\t\t\t\t\t\t\tdata-frame_1=\"sp:2500;\"\n\t\t\t\t\t\t\t\tdata-frame_999=\"o:0;st:w;sR:6500;\"\n\t\t\t\t\t\t\t\tdata-loop_999=\"rZ:360deg;sp:90000;st:0;\"\n\t\t\t\t\t\t\t\tstyle=\"z-index:8;background-color:rgba(0,0,0,0.5);\"\n\t\t\t\t\t\t\t><rs-bg-elem style=\"background:inherit; background-size: cover;\" data-bg=\"url(&#039;\/\/intelsynet.com\/wp-content\/uploads\/revslider\/404-Error-Space-Theme\/earth.jpg&#039;) no-repeat center center\" class=\"lazyload\"><\/rs-bg-elem>\n \n\t\t\t\t\t\t\t<\/rs-layer><!--\n\n\t\t\t\t\t\t\t--><rs-layer\n\t\t\t\t\t\t\t\tid=\"slider-7-slide-17-layer-11\" \n\t\t\t\t\t\t\t\tdata-type=\"image\"\n\t\t\t\t\t\t\t\tdata-rsp_ch=\"on\"\n\t\t\t\t\t\t\t\tdata-xy=\"xo:565px,578px,439px,270px;yo:265px,271px,205px,317px;\"\n\t\t\t\t\t\t\t\tdata-text=\"w:normal;s:20,20,15,9;l:0,0,18,11;\"\n\t\t\t\t\t\t\t\tdata-dim=\"w:172px,176px,133px,82px;h:247px,252px,191px,117px;\"\n\t\t\t\t\t\t\t\tdata-frame_1=\"x:28px,28px,21px,12px;y:-28px,-28px,-21px,-12px;st:1950;sp:400;sR:1950;\"\n\t\t\t\t\t\t\t\tdata-frame_999=\"o:0;st:w;sR:6650;\"\n\t\t\t\t\t\t\t\tstyle=\"z-index:9;\"\n\t\t\t\t\t\t\t><img decoding=\"async\" data-src=\"\/\/intelsynet.com\/wp-content\/uploads\/layerslider\/Intro-Featured\/01-tech-right.png\" class=\"tp-rs-img lazyload\" width=\"172\" height=\"247\" data-no-retina src=\"data:image\/svg+xml;base64,PHN2ZyB3aWR0aD0iMSIgaGVpZ2h0PSIxIiB4bWxucz0iaHR0cDovL3d3dy53My5vcmcvMjAwMC9zdmciPjwvc3ZnPg==\" style=\"--smush-placeholder-width: 172px; --smush-placeholder-aspect-ratio: 172\/247;\"> \n\t\t\t\t\t\t\t<\/rs-layer><!--\n\n\t\t\t\t\t\t\t--><rs-layer\n\t\t\t\t\t\t\t\tid=\"slider-7-slide-17-layer-12\" \n\t\t\t\t\t\t\t\tdata-type=\"image\"\n\t\t\t\t\t\t\t\tdata-rsp_ch=\"on\"\n\t\t\t\t\t\t\t\tdata-xy=\"xo:299px,306px,232px,128px;yo:385px,394px,299px,307px;\"\n\t\t\t\t\t\t\t\tdata-text=\"w:normal;s:20,20,15,9;l:0,0,18,11;\"\n\t\t\t\t\t\t\t\tdata-dim=\"w:194px,198px,150px,92px;h:372px,380px,288px,177px;\"\n\t\t\t\t\t\t\t\tdata-frame_1=\"x:5,5,3,1;y:-78,-79,-60,-37;st:2200;sR:2200;\"\n\t\t\t\t\t\t\t\tdata-frame_999=\"o:0;st:w;sR:6500;\"\n\t\t\t\t\t\t\t\tstyle=\"z-index:10;\"\n\t\t\t\t\t\t\t><img decoding=\"async\" data-src=\"\/\/intelsynet.com\/wp-content\/uploads\/layerslider\/Intro-Featured\/01-tech-left.png\" class=\"tp-rs-img lazyload\" width=\"194\" height=\"372\" data-no-retina src=\"data:image\/svg+xml;base64,PHN2ZyB3aWR0aD0iMSIgaGVpZ2h0PSIxIiB4bWxucz0iaHR0cDovL3d3dy53My5vcmcvMjAwMC9zdmciPjwvc3ZnPg==\" style=\"--smush-placeholder-width: 194px; --smush-placeholder-aspect-ratio: 194\/372;\"> \n\t\t\t\t\t\t\t<\/rs-layer><!--\n\n\t\t\t\t\t\t\t--><a\n\t\t\t\t\t\t\t\tid=\"slider-7-slide-17-layer-13\" \n\t\t\t\t\t\t\t\tclass=\"rs-layer rev-btn\"\n\t\t\t\t\t\t\t\thref=\"\/logica-economica\/\" target=\"_self\" rel=\"nofollow\"\n\t\t\t\t\t\t\t\tdata-type=\"button\"\n\t\t\t\t\t\t\t\tdata-rsp_ch=\"on\"\n\t\t\t\t\t\t\t\tdata-xy=\"xo:763px,781px,593px,370px;yo:306px,313px,237px,338px;\"\n\t\t\t\t\t\t\t\tdata-text=\"w:normal;s:17,17,12,7;l:40,40,30,18;fw:500;\"\n\t\t\t\t\t\t\t\tdata-dim=\"minh:0px,none,none,none;\"\n\t\t\t\t\t\t\t\tdata-padding=\"r:25,26,20,12;l:25,26,20,12;\"\n\t\t\t\t\t\t\t\tdata-border=\"bos:solid;boc:rgba(255,255,255,0.35);bow:1px,1px,1px,1px;\"\n\t\t\t\t\t\t\t\tdata-frame_1=\"x:9px,9px,6px,3px;y:-86px,-88px,-66px,-40px;e:elastic.out;st:1860;sp:3160;sR:1860;\"\n\t\t\t\t\t\t\t\tdata-frame_999=\"o:0;st:w;sR:3980;\"\n\t\t\t\t\t\t\t\tdata-frame_hover=\"bgc:rgba(0,0,0,0);boc:rgba(255,255,255,0.75);bor:0px,0px,0px,0px;bos:solid;bow:1px,1px,1px,1px;e:power1.inOut;\"\n\t\t\t\t\t\t\t\tstyle=\"z-index:12;background-color:rgba(0,0,0,0);font-family:Roboto;\"\n\t\t\t\t\t\t\t>L\u00d3GICA ECON\u00d3MICA \n\t\t\t\t\t\t\t<\/a><!--\n\n\t\t\t\t\t\t\t--><a\n\t\t\t\t\t\t\t\tid=\"slider-7-slide-17-layer-17\" \n\t\t\t\t\t\t\t\tclass=\"rs-layer rev-btn\"\n\t\t\t\t\t\t\t\thref=\"\/risk-advisory\/\" target=\"_self\" rel=\"nofollow\"\n\t\t\t\t\t\t\t\tdata-type=\"button\"\n\t\t\t\t\t\t\t\tdata-rsp_ch=\"on\"\n\t\t\t\t\t\t\t\tdata-xy=\"xo:69px,70px,53px,25px;yo:378px,387px,294px,302px;\"\n\t\t\t\t\t\t\t\tdata-text=\"w:normal;s:17,17,12,7;l:40,40,30,18;fw:500;\"\n\t\t\t\t\t\t\t\tdata-dim=\"minh:0px,none,none,none;\"\n\t\t\t\t\t\t\t\tdata-padding=\"r:25,26,20,12;l:25,26,20,12;\"\n\t\t\t\t\t\t\t\tdata-border=\"bos:solid;boc:rgba(255,255,255,0.35);bow:1px,1px,1px,1px;\"\n\t\t\t\t\t\t\t\tdata-frame_1=\"x:9px,9px,6px,3px;y:-86px,-88px,-66px,-40px;e:elastic.out;st:1860;sp:3160;sR:1860;\"\n\t\t\t\t\t\t\t\tdata-frame_999=\"o:0;st:w;sR:3980;\"\n\t\t\t\t\t\t\t\tdata-frame_hover=\"bgc:rgba(0,0,0,0);boc:rgba(255,255,255,0.75);bor:0px,0px,0px,0px;bos:solid;bow:1px,1px,1px,1px;e:power1.inOut;\"\n\t\t\t\t\t\t\t\tstyle=\"z-index:11;background-color:rgba(0,0,0,0);font-family:Roboto;\"\n\t\t\t\t\t\t\t>GESTI\u00d3N DE RIESGOS \n\t\t\t\t\t\t\t<\/a><!--\n-->\t\t\t\t\t\t<\/rs-slide>\n\t\t\t\t\t<\/rs-slides>\n\t\t\t\t<\/rs-module>\n\t\t\t\t<script type=\"text\/javascript\">\n\t\t\t\t\tsetREVStartSize({c: 'rev_slider_7_1',rl:[1240,1024,778,480],el:[700,768,960,520],gw:[1000,1024,778,480],gh:[700,768,960,520],type:'hero',justify:'',layout:'fullwidth',mh:\"0\"});\n\t\t\t\t\tvar\trevapi7,\n\t\t\t\t\t\ttpj;\n\t\t\t\t\tfunction revinit_revslider71() {\n\t\t\t\t\tjQuery(function() {\n\t\t\t\t\t\ttpj = jQuery;\n\t\t\t\t\t\trevapi7 = tpj(\"#rev_slider_7_1\");\n\t\t\t\t\t\tif(revapi7==undefined || revapi7.revolution == undefined){\n\t\t\t\t\t\t\trevslider_showDoubleJqueryError(\"rev_slider_7_1\");\n\t\t\t\t\t\t}else{\n\t\t\t\t\t\t\trevapi7.revolution({\n\t\t\t\t\t\t\t\tsliderType:\"hero\",\n\t\t\t\t\t\t\t\tsliderLayout:\"fullwidth\",\n\t\t\t\t\t\t\t\tvisibilityLevels:\"1240,1024,778,480\",\n\t\t\t\t\t\t\t\tgridwidth:\"1000,1024,778,480\",\n\t\t\t\t\t\t\t\tgridheight:\"700,768,960,520\",\n\t\t\t\t\t\t\t\tspinner:\"spinner14\",\n\t\t\t\t\t\t\t\tperspectiveType:\"local\",\n\t\t\t\t\t\t\t\teditorheight:\"700,768,960,520\",\n\t\t\t\t\t\t\t\tresponsiveLevels:\"1240,1024,778,480\",\n\t\t\t\t\t\t\t\tprogressBar:{disableProgressBar:true},\n\t\t\t\t\t\t\t\tnavigation: {\n\t\t\t\t\t\t\t\t\tonHoverStop:false\n\t\t\t\t\t\t\t\t},\n\t\t\t\t\t\t\t\tfallbacks: {\n\t\t\t\t\t\t\t\t\tallowHTML5AutoPlayOnAndroid:true\n\t\t\t\t\t\t\t\t},\n\t\t\t\t\t\t\t});\n\t\t\t\t\t\t}\n\t\t\t\t\t\t\n\t\t\t\t\t});\n\t\t\t\t\t} \/\/ End of RevInitScript\n\t\t\t\tvar once_revslider71 = false;\n\t\t\t\tif (document.readyState === \"loading\") {document.addEventListener('readystatechange',function() { if((document.readyState === \"interactive\" || document.readyState === \"complete\") && !once_revslider71 ) { once_revslider71 = true; revinit_revslider71();}});} else {once_revslider71 = true; revinit_revslider71();}\n\t\t\t\t<\/script>\n\t\t\t<\/rs-module-wrap>\n\t\t\t<!-- END REVOLUTION SLIDER -->\n<\/div><div class=\"fusion-clearfix\"><\/div><\/div><\/div><\/div><\/div><\/p>","protected":false},"excerpt":{"rendered":"","protected":false},"author":1,"featured_media":0,"parent":0,"menu_order":0,"comment_status":"closed","ping_status":"closed","template":"","meta":{"footnotes":""},"class_list":["post-537","page","type-page","status-publish","hentry"],"yoast_head":"<!-- This site is optimized with the Yoast SEO plugin v27.4 - https:\/\/yoast.com\/product\/yoast-seo-wordpress\/ -->\n<title>Intelsynet - Servicios: Gesti\u00f3n de riesgos y l\u00f3gica econ\u00f3mica<\/title>\n<meta name=\"description\" content=\"Ofrecemos servicios de asesoramiento y servicios empresariales para la gesti\u00f3n de riesgos y l\u00f3gica econ\u00f3mica empresarial.\" \/>\n<meta name=\"robots\" content=\"index, follow, max-snippet:-1, max-image-preview:large, max-video-preview:-1\" \/>\n<link rel=\"canonical\" href=\"https:\/\/intelsynet.com\/servicios\/\" \/>\n<meta property=\"og:locale\" content=\"es_ES\" \/>\n<meta property=\"og:type\" content=\"article\" \/>\n<meta property=\"og:title\" content=\"Intelsynet - Servicios: Gesti\u00f3n de riesgos y l\u00f3gica econ\u00f3mica\" \/>\n<meta property=\"og:description\" content=\"Ofrecemos servicios de asesoramiento y servicios empresariales para la gesti\u00f3n de riesgos y l\u00f3gica econ\u00f3mica empresarial.\" \/>\n<meta property=\"og:url\" content=\"https:\/\/intelsynet.com\/servicios\/\" \/>\n<meta property=\"og:site_name\" content=\"Intelsynet\" \/>\n<meta property=\"article:modified_time\" content=\"2022-09-01T15:10:20+00:00\" \/>\n<meta name=\"twitter:card\" content=\"summary_large_image\" \/>\n<meta name=\"twitter:label1\" content=\"Tiempo de lectura\" \/>\n\t<meta name=\"twitter:data1\" content=\"1 minuto\" \/>\n<script type=\"application\/ld+json\" class=\"yoast-schema-graph\">{\"@context\":\"https:\\\/\\\/schema.org\",\"@graph\":[{\"@type\":\"WebPage\",\"@id\":\"https:\\\/\\\/intelsynet.com\\\/servicios\\\/\",\"url\":\"https:\\\/\\\/intelsynet.com\\\/servicios\\\/\",\"name\":\"Intelsynet - Servicios: Gesti\u00f3n de riesgos y l\u00f3gica econ\u00f3mica\",\"isPartOf\":{\"@id\":\"https:\\\/\\\/intelsynet.com\\\/es\\\/#website\"},\"datePublished\":\"2017-02-27T10:40:50+00:00\",\"dateModified\":\"2022-09-01T15:10:20+00:00\",\"description\":\"Ofrecemos servicios de asesoramiento y servicios empresariales para la gesti\u00f3n de riesgos y l\u00f3gica econ\u00f3mica empresarial.\",\"breadcrumb\":{\"@id\":\"https:\\\/\\\/intelsynet.com\\\/servicios\\\/#breadcrumb\"},\"inLanguage\":\"es\",\"potentialAction\":[{\"@type\":\"ReadAction\",\"target\":[\"https:\\\/\\\/intelsynet.com\\\/servicios\\\/\"]}]},{\"@type\":\"BreadcrumbList\",\"@id\":\"https:\\\/\\\/intelsynet.com\\\/servicios\\\/#breadcrumb\",\"itemListElement\":[{\"@type\":\"ListItem\",\"position\":1,\"name\":\"Portada\",\"item\":\"https:\\\/\\\/intelsynet.com\\\/\"},{\"@type\":\"ListItem\",\"position\":2,\"name\":\"Servicios\"}]},{\"@type\":\"WebSite\",\"@id\":\"https:\\\/\\\/intelsynet.com\\\/es\\\/#website\",\"url\":\"https:\\\/\\\/intelsynet.com\\\/es\\\/\",\"name\":\"Intelsynet\",\"description\":\"Advisory Services\",\"potentialAction\":[{\"@type\":\"SearchAction\",\"target\":{\"@type\":\"EntryPoint\",\"urlTemplate\":\"https:\\\/\\\/intelsynet.com\\\/es\\\/?s={search_term_string}\"},\"query-input\":{\"@type\":\"PropertyValueSpecification\",\"valueRequired\":true,\"valueName\":\"search_term_string\"}}],\"inLanguage\":\"es\"}]}<\/script>\n<!-- \/ Yoast SEO plugin. -->","yoast_head_json":{"title":"Intelsynet - Servicios: Gesti\u00f3n de riesgos y l\u00f3gica econ\u00f3mica","description":"Ofrecemos servicios de asesoramiento y servicios empresariales para la gesti\u00f3n de riesgos y l\u00f3gica econ\u00f3mica empresarial.","robots":{"index":"index","follow":"follow","max-snippet":"max-snippet:-1","max-image-preview":"max-image-preview:large","max-video-preview":"max-video-preview:-1"},"canonical":"https:\/\/intelsynet.com\/servicios\/","og_locale":"es_ES","og_type":"article","og_title":"Intelsynet - Servicios: Gesti\u00f3n de riesgos y l\u00f3gica econ\u00f3mica","og_description":"Ofrecemos servicios de asesoramiento y servicios empresariales para la gesti\u00f3n de riesgos y l\u00f3gica econ\u00f3mica empresarial.","og_url":"https:\/\/intelsynet.com\/servicios\/","og_site_name":"Intelsynet","article_modified_time":"2022-09-01T15:10:20+00:00","twitter_card":"summary_large_image","twitter_misc":{"Tiempo de lectura":"1 minuto"},"schema":{"@context":"https:\/\/schema.org","@graph":[{"@type":"WebPage","@id":"https:\/\/intelsynet.com\/servicios\/","url":"https:\/\/intelsynet.com\/servicios\/","name":"Intelsynet - Servicios: Gesti\u00f3n de riesgos y l\u00f3gica econ\u00f3mica","isPartOf":{"@id":"https:\/\/intelsynet.com\/es\/#website"},"datePublished":"2017-02-27T10:40:50+00:00","dateModified":"2022-09-01T15:10:20+00:00","description":"Ofrecemos servicios de asesoramiento y servicios empresariales para la gesti\u00f3n de riesgos y l\u00f3gica econ\u00f3mica empresarial.","breadcrumb":{"@id":"https:\/\/intelsynet.com\/servicios\/#breadcrumb"},"inLanguage":"es","potentialAction":[{"@type":"ReadAction","target":["https:\/\/intelsynet.com\/servicios\/"]}]},{"@type":"BreadcrumbList","@id":"https:\/\/intelsynet.com\/servicios\/#breadcrumb","itemListElement":[{"@type":"ListItem","position":1,"name":"Portada","item":"https:\/\/intelsynet.com\/"},{"@type":"ListItem","position":2,"name":"Servicios"}]},{"@type":"WebSite","@id":"https:\/\/intelsynet.com\/es\/#website","url":"https:\/\/intelsynet.com\/es\/","name":"Intelsynet","description":"Advisory Services","potentialAction":[{"@type":"SearchAction","target":{"@type":"EntryPoint","urlTemplate":"https:\/\/intelsynet.com\/es\/?s={search_term_string}"},"query-input":{"@type":"PropertyValueSpecification","valueRequired":true,"valueName":"search_term_string"}}],"inLanguage":"es"}]}},"_links":{"self":[{"href":"https:\/\/intelsynet.com\/es\/wp-json\/wp\/v2\/pages\/537","targetHints":{"allow":["GET"]}}],"collection":[{"href":"https:\/\/intelsynet.com\/es\/wp-json\/wp\/v2\/pages"}],"about":[{"href":"https:\/\/intelsynet.com\/es\/wp-json\/wp\/v2\/types\/page"}],"author":[{"embeddable":true,"href":"https:\/\/intelsynet.com\/es\/wp-json\/wp\/v2\/users\/1"}],"replies":[{"embeddable":true,"href":"https:\/\/intelsynet.com\/es\/wp-json\/wp\/v2\/comments?post=537"}],"version-history":[{"count":5,"href":"https:\/\/intelsynet.com\/es\/wp-json\/wp\/v2\/pages\/537\/revisions"}],"predecessor-version":[{"id":3056,"href":"https:\/\/intelsynet.com\/es\/wp-json\/wp\/v2\/pages\/537\/revisions\/3056"}],"wp:attachment":[{"href":"https:\/\/intelsynet.com\/es\/wp-json\/wp\/v2\/media?parent=537"}],"curies":[{"name":"wp","href":"https:\/\/api.w.org\/{rel}","templated":true}]}}