{"id":3195,"date":"2023-01-04T15:53:30","date_gmt":"2023-01-04T15:53:30","guid":{"rendered":"https:\/\/intelsynet.com\/?page_id=3195"},"modified":"2023-01-04T17:06:06","modified_gmt":"2023-01-04T17:06:06","slug":"inteligencia-corporativa","status":"publish","type":"page","link":"https:\/\/intelsynet.com\/es\/inteligencia-corporativa\/","title":{"rendered":"Inteligencia corporativa"},"content":{"rendered":"<p><div class=\"fusion-fullwidth fullwidth-box fusion-builder-row-1 fusion-parallax-none hundred-percent-fullwidth non-hundred-percent-height-scrolling fusion-equal-height-columns lazyload\" style=\"background-color: rgba(255,255,255,0);background-image:inherit;background-position: center bottom;background-repeat: no-repeat;padding-top:6%;padding-right:8%;padding-bottom:6%;padding-left:8%;margin-bottom: 0px;margin-top: 0px;border-width: 0px 0px 0px 0px;border-color:rgba(97,158,133,0);border-style:solid;-webkit-background-size:cover;-moz-background-size:cover;-o-background-size:cover;background-size:cover;\"  data-bg-image=\"url(&quot;https:\/\/intelsynet.com\/wp-content\/uploads\/2019\/11\/3057163-01.jpg&quot;)\"><div class=\"fusion-builder-row fusion-row\"><div class=\"fusion-layout-column fusion_builder_column fusion-builder-column-0 fusion_builder_column_1_1 1_1 fusion-one-full fusion-column-first fusion-column-last fusion-column-no-min-height fusion-animated\" style=\"margin-top:0px;margin-bottom:0px;\" data-animationType=\"fadeInDown\" data-animationDuration=\"1.0\" data-animationOffset=\"top-into-view\"><div class=\"fusion-column-wrapper fusion-flex-column-wrapper-legacy\" style=\"background-position:left top;background-repeat:no-repeat;-webkit-background-size:cover;-moz-background-size:cover;-o-background-size:cover;background-size:cover;padding: 40px 15% 40px 15%;\"><style type=\"text\/css\">@media only screen and (max-width:800px) {.fusion-title.fusion-title-1{margin-top:!important;margin-bottom:20px!important;}}<\/style><div class=\"fusion-title title fusion-title-1 sep-underline sep-solid fusion-title-center fusion-title-text fusion-title-size-two\" style=\"border-bottom-color:#e0dede;font-size:55px;margin-top:0px;margin-right:0px;margin-bottom:20px;margin-left:0px;\"><h2 class=\"title-heading-center fusion-responsive-typography-calculated\" style=\"margin:0;font-size:1em;color:#ffffff;--fontSize:55;line-height:1.5;\">Corporate Intelligence<\/h2><\/div><div class=\"fusion-text fusion-text-1\"><p style=\"text-align: center;\"><span style=\"color: #ffffff;\">La esencia de esta rama de nuestra actividad se puede resumir en consultor\u00edas en Inteligencia Corporativa y Diplomacia Corporativa.<\/span><\/p>\n<\/div><div class=\"fusion-clearfix\"><\/div><\/div><\/div><div class=\"fusion-layout-column fusion_builder_column fusion-builder-column-1 fusion_builder_column_1_2 1_2 fusion-one-half fusion-column-first fusion-column-no-min-height fusion-animated\" style=\"width:50%;width:calc(50% - ( ( 10px ) * 0.5 ) );margin-right: 10px;margin-top:0px;margin-bottom:20px;\" data-animationType=\"fadeInLeft\" data-animationDuration=\"0.5\" data-animationOffset=\"top-into-view\"><div class=\"fusion-column-wrapper fusion-flex-column-wrapper-legacy\" style=\"background-position:left top;background-repeat:no-repeat;-webkit-background-size:cover;-moz-background-size:cover;-o-background-size:cover;background-size:cover;border-radius:8px 8px 8px 8px;background-color:rgba(255,255,255,0.1);border-radius:8px 8px 8px 8px;overflow:hidden;padding: 0px 0px 0px 0px;\"><div class=\"imageframe-align-center\"><span class=\" fusion-imageframe imageframe-none imageframe-1 hover-type-zoomin\"><img decoding=\"async\" width=\"1200\" height=\"641\" title=\"INTELIGENCIA CORPORATIVA\" data-src=\"https:\/\/intelsynet.com\/wp-content\/uploads\/2023\/01\/INTELIGENCIA-CORPORATIVA.jpg\" alt class=\"img-responsive wp-image-3209 lazyload\" data-srcset=\"https:\/\/intelsynet.com\/wp-content\/uploads\/2023\/01\/INTELIGENCIA-CORPORATIVA-200x107.jpg 200w, https:\/\/intelsynet.com\/wp-content\/uploads\/2023\/01\/INTELIGENCIA-CORPORATIVA-400x214.jpg 400w, https:\/\/intelsynet.com\/wp-content\/uploads\/2023\/01\/INTELIGENCIA-CORPORATIVA-600x321.jpg 600w, https:\/\/intelsynet.com\/wp-content\/uploads\/2023\/01\/INTELIGENCIA-CORPORATIVA-800x427.jpg 800w, https:\/\/intelsynet.com\/wp-content\/uploads\/2023\/01\/INTELIGENCIA-CORPORATIVA.jpg 1200w\" data-sizes=\"(max-width: 800px) 100vw, 600px\" src=\"data:image\/svg+xml;base64,PHN2ZyB3aWR0aD0iMSIgaGVpZ2h0PSIxIiB4bWxucz0iaHR0cDovL3d3dy53My5vcmcvMjAwMC9zdmciPjwvc3ZnPg==\" style=\"--smush-placeholder-width: 1200px; --smush-placeholder-aspect-ratio: 1200\/641;\" \/><\/span><\/div><div class=\"fusion-clearfix\"><\/div><\/div><\/div><div class=\"fusion-layout-column fusion_builder_column fusion-builder-column-2 fusion_builder_column_1_2 1_2 fusion-one-half fusion-column-last fusion-column-no-min-height fusion-animated\" style=\"width:50%;width:calc(50% - ( ( 10px ) * 0.5 ) );margin-top:0px;margin-bottom:20px;\" data-animationType=\"fadeInUp\" data-animationDuration=\"0.5\" data-animationOffset=\"top-into-view\"><div class=\"fusion-column-wrapper fusion-flex-column-wrapper-legacy\" style=\"background-position:left top;background-repeat:no-repeat;-webkit-background-size:cover;-moz-background-size:cover;-o-background-size:cover;background-size:cover;border-radius:8px 8px 8px 8px;background-color:rgba(255,255,255,0.1);border-radius:8px 8px 8px 8px;overflow:hidden;padding: 0px 0px 0px 0px;\"><span class=\" fusion-imageframe imageframe-none imageframe-2 hover-type-zoomin\"><img decoding=\"async\" width=\"1200\" height=\"641\" title=\"DIPLOMACIA CORPORATIVA\" data-src=\"https:\/\/intelsynet.com\/wp-content\/uploads\/2023\/01\/DIPLOMACIA-CORPORATIVA.jpg\" alt class=\"img-responsive wp-image-3210 lazyload\" data-srcset=\"https:\/\/intelsynet.com\/wp-content\/uploads\/2023\/01\/DIPLOMACIA-CORPORATIVA-200x107.jpg 200w, https:\/\/intelsynet.com\/wp-content\/uploads\/2023\/01\/DIPLOMACIA-CORPORATIVA-400x214.jpg 400w, https:\/\/intelsynet.com\/wp-content\/uploads\/2023\/01\/DIPLOMACIA-CORPORATIVA-600x321.jpg 600w, https:\/\/intelsynet.com\/wp-content\/uploads\/2023\/01\/DIPLOMACIA-CORPORATIVA-800x427.jpg 800w, https:\/\/intelsynet.com\/wp-content\/uploads\/2023\/01\/DIPLOMACIA-CORPORATIVA.jpg 1200w\" data-sizes=\"(max-width: 800px) 100vw, 600px\" src=\"data:image\/svg+xml;base64,PHN2ZyB3aWR0aD0iMSIgaGVpZ2h0PSIxIiB4bWxucz0iaHR0cDovL3d3dy53My5vcmcvMjAwMC9zdmciPjwvc3ZnPg==\" style=\"--smush-placeholder-width: 1200px; --smush-placeholder-aspect-ratio: 1200\/641;\" \/><\/span><div class=\"fusion-clearfix\"><\/div><\/div><\/div><div class=\"fusion-layout-column fusion_builder_column fusion-builder-column-3 fusion_builder_column_1_2 1_2 fusion-one-half fusion-column-first fusion-animated\" style=\"width:50%;width:calc(50% - ( ( 10px ) * 0.5 ) );margin-right: 10px;margin-top:0px;margin-bottom:20px;\" data-animationType=\"fadeInLeft\" data-animationDuration=\"0.5\" data-animationOffset=\"top-into-view\"><div class=\"fusion-column-wrapper fusion-flex-column-wrapper-legacy\" style=\"background-position:left top;background-repeat:no-repeat;-webkit-background-size:cover;-moz-background-size:cover;-o-background-size:cover;background-size:cover;border-radius:8px 8px 8px 8px;background-color:rgba(255,255,255,0.1);border-radius:8px 8px 8px 8px;overflow:hidden;padding: 0px 20px 40px 20px;\"><style type=\"text\/css\">@media only screen and (max-width:800px) {.fusion-title.fusion-title-2{margin-top:30px!important;margin-bottom:!important;}}<\/style><div class=\"fusion-title title fusion-title-2 sep-underline sep-solid fusion-title-center fusion-title-text fusion-title-size-three\" style=\"border-bottom-color:#e0dede;font-size:20px;margin-top:30px;margin-right:0px;margin-bottom:40px;margin-left:0px;\"><h3 class=\"title-heading-center fusion-responsive-typography-calculated\" style=\"margin:0;font-size:1em;letter-spacing:0px;color:#ffffff;--fontSize:20;--minFontSize:20px;line-height:1.5;\"><b>INTELIGENCIA CORPORATIVA <\/b><\/h3><\/div><div class=\"fusion-text fusion-text-2\"><p><span style=\"color: #ffffff; padding-top: 20px padding-right: 20px padding-bottom: 20px padding-left: 20px;\">Podemos vigilar de cerca y rastrear a nuestros clientes empresas, proyectos o situaciones locales, convirti\u00e9ndonos as\u00ed en sus ojos y asesores de cercan\u00eda, cuid\u00e1ndolos y manteni\u00e9ndonos atentos a las oportunidades o amenazas, pero nunca \u00abrepresentarlos\u00bb p\u00fablicamente, a menos que se solicite lo contrario y espec\u00edficamente.<\/span><\/p>\n<p><span style=\"color: #ffffff; padding-top: 20px padding-right: 20px padding-bottom: 20px padding-left: 20px;\">Esto puede incluir, caso por caso, la selecci\u00f3n y supervisi\u00f3n de:<\/span><\/p>\n<ul style=\"color: #ffffff; padding-top: 20px padding-right: 20px padding-bottom: 20px padding-left: 20px;\">\n<li>Los mejores abogados, con experiencia espec\u00edfica para cada caso<\/li>\n<li>Supervisi\u00f3n de diligencia debida o b\u00fasqueda de firmas de auditor\u00eda neutrales y expertos<\/li>\n<li>Agentes de asuntos p\u00fablicos y agencias de comunicaci\u00f3n.<\/li>\n<li>Expertos y asesores comerciales<\/li>\n<li>Inteligencia sobre la gesti\u00f3n clave de la corporaci\u00f3n objetivo, sus capacidades, interconexiones, fallas, etc.<\/li>\n<\/ul>\n<p><span style=\"color: #ffffff; padding-top: 20px padding-right: 20px padding-bottom: 20px padding-left: 20px;\">Adem\u00e1s, ofrecemos control y supervisi\u00f3n generales, cubriendo todos los aspectos de la recopilaci\u00f3n de informaci\u00f3n clave para la toma de decisiones y las principales capas de influencia, brind\u00e1ndole as\u00ed la comprensi\u00f3n de un experto local l\u00edder con experiencia de alto nivel.<\/span><\/p>\n<\/div><div class=\"fusion-clearfix\"><\/div><\/div><\/div><div class=\"fusion-layout-column fusion_builder_column fusion-builder-column-4 fusion_builder_column_1_2 1_2 fusion-one-half fusion-column-last fusion-animated\" style=\"width:50%;width:calc(50% - ( ( 10px ) * 0.5 ) );margin-top:0px;margin-bottom:20px;\" data-animationType=\"fadeInUp\" data-animationDuration=\"0.5\" data-animationOffset=\"top-into-view\"><div class=\"fusion-column-wrapper fusion-flex-column-wrapper-legacy\" style=\"background-position:left top;background-repeat:no-repeat;-webkit-background-size:cover;-moz-background-size:cover;-o-background-size:cover;background-size:cover;border-radius:8px 8px 8px 8px;background-color:rgba(255,255,255,0.1);border-radius:8px 8px 8px 8px;overflow:hidden;padding: 0px 20px 40px 20px;\"><style type=\"text\/css\">@media only screen and (max-width:800px) {.fusion-title.fusion-title-3{margin-top:30px!important;margin-bottom:!important;}}<\/style><div class=\"fusion-title title fusion-title-3 sep-underline sep-solid fusion-title-center fusion-title-text fusion-title-size-three\" style=\"border-bottom-color:#e0dede;font-size:20px;margin-top:30px;margin-right:0px;margin-bottom:40px;margin-left:0px;\"><h3 class=\"title-heading-center fusion-responsive-typography-calculated\" style=\"margin:0;font-size:1em;letter-spacing:0px;color:#ffffff;--fontSize:20;--minFontSize:20px;line-height:1.5;\"><b>DIPLOMACIA CORPORATIVA<\/b><\/h3><\/div><div class=\"fusion-text fusion-text-3\"><p><span style=\"color: #ffffff;\">A menudo sucede que las empresas terminan en problemas o encuentran dificultades cuando ingresan a un mercado sin antes \u201ctocar a la puerta del gobierno\u201d o simplemente no tomarse el tiempo para explicar ampliamente las estrategias. En sectores estrat\u00e9gicos como defensa, energ\u00eda o infraestructuras, esta jugada diplom\u00e1tica es absolutamente imprescindible.<\/span><\/p>\n<p><span style=\"color: #ffffff;\">Las corporaciones necesitan hablar con los gobiernos al m\u00e1s alto nivel de manera directa y sin interferencias y\/o los cl\u00e1sicos intermediarios. Abrimos las puertas discretamente; y las mantenemos abiertas despu\u00e9s.<\/span><\/p>\n<p><span style=\"color: #ffffff;\">La diplomacia corporativa a menudo requiere una s\u00f3lida inteligencia corporativa como an\u00e1lisis previo, mientras que la defensa corporativa en otros niveles se denominar\u00eda com\u00fanmente cabildeo. <\/span><\/p>\n<p><span style=\"color: #ffffff;\">Una misi\u00f3n cl\u00e1sica en la diplomacia corporativa es presentar a nuestros clientes a empresarios clave (nivel de director), socios potenciales, inversionistas o funcionarios en los pa\u00edses en los que estamos activos (nivel de gobierno, MP, etc.), as\u00ed como aclarar relaciones a veces complicadas o descifrar comportamientos o interrelaciones locales.<\/span><\/p>\n<\/div><div class=\"fusion-clearfix\"><\/div><\/div><\/div><\/div><\/div><div class=\"fusion-fullwidth fullwidth-box fusion-builder-row-2 fusion-flex-container nonhundred-percent-fullwidth non-hundred-percent-height-scrolling\" style=\"background-color: rgba(255,255,255,0);background-position: center center;background-repeat: no-repeat;border-width: 0px 0px 0px 0px;border-color:rgba(97,158,133,0);border-style:solid;\" ><div class=\"fusion-builder-row fusion-row fusion-flex-align-items-flex-start\" style=\"max-width:1216.8px;margin-left: calc(-4% \/ 2 );margin-right: calc(-4% \/ 2 );\"><div class=\"fusion-layout-column fusion_builder_column fusion-builder-column-5 fusion_builder_column_1_1 1_1 fusion-flex-column\"><div class=\"fusion-column-wrapper fusion-flex-justify-content-flex-start fusion-content-layout-column\" style=\"background-position:left top;background-repeat:no-repeat;-webkit-background-size:cover;-moz-background-size:cover;-o-background-size:cover;background-size:cover;padding: 0px 0px 0px 0px;\"><div class=\"fusion-separator fusion-full-width-sep\" style=\"align-self: center;margin-left: auto;margin-right: auto;margin-top:20px;margin-bottom:20px;width:100%;\"><div class=\"fusion-separator-border sep-single\" style=\"border-color:#e0e0e0;border-top-width:0px;\"><\/div><\/div><div class=\"fusion-text fusion-text-4\"><p>Obt\u00e9n m\u00e1s informaci\u00f3n acerca de estos servicios visitando la web de nuestro partner especializado en Corporate Intelligence<\/p>\n<\/div><div style=\"text-align:center;\"><span class=\" fusion-imageframe imageframe-none imageframe-3 hover-type-none\"><a class=\"fusion-no-lightbox\" href=\"https:\/\/intelcorp.es\/\" target=\"_blank\" aria-label=\"logo-web_retina-01\" rel=\"noopener noreferrer\"><img decoding=\"async\" width=\"750\" height=\"151\" data-src=\"https:\/\/intelsynet.com\/wp-content\/uploads\/2023\/01\/logo-web_retina-01.png\" alt class=\"img-responsive wp-image-3213 lazyload\" data-srcset=\"https:\/\/intelsynet.com\/wp-content\/uploads\/2023\/01\/logo-web_retina-01-200x40.png 200w, https:\/\/intelsynet.com\/wp-content\/uploads\/2023\/01\/logo-web_retina-01-400x81.png 400w, https:\/\/intelsynet.com\/wp-content\/uploads\/2023\/01\/logo-web_retina-01-600x121.png 600w, https:\/\/intelsynet.com\/wp-content\/uploads\/2023\/01\/logo-web_retina-01.png 750w\" data-sizes=\"(max-width: 1024px) 100vw, (max-width: 640px) 100vw, 750px\" src=\"data:image\/svg+xml;base64,PHN2ZyB3aWR0aD0iMSIgaGVpZ2h0PSIxIiB4bWxucz0iaHR0cDovL3d3dy53My5vcmcvMjAwMC9zdmciPjwvc3ZnPg==\" style=\"--smush-placeholder-width: 750px; --smush-placeholder-aspect-ratio: 750\/151;\" \/><\/a><\/span><\/div><\/div><style type=\"text\/css\">.fusion-body .fusion-builder-column-5{width:100% !important;margin-top : 0px;margin-bottom : 20px;}.fusion-builder-column-5 > .fusion-column-wrapper {padding-top : 0px !important;padding-right : 0px !important;margin-right : 1.92%;padding-bottom : 0px !important;padding-left : 0px !important;margin-left : 1.92%;}@media only screen and (max-width:1024px) {.fusion-body .fusion-builder-column-5{width:100% !important;order : 0;}.fusion-builder-column-5 > .fusion-column-wrapper {margin-right : 1.92%;margin-left : 1.92%;}}@media only screen and (max-width:640px) {.fusion-body .fusion-builder-column-5{width:100% !important;order : 0;}.fusion-builder-column-5 > .fusion-column-wrapper {margin-right : 1.92%;margin-left : 1.92%;}}<\/style><\/div><\/div><style type=\"text\/css\">.fusion-body .fusion-flex-container.fusion-builder-row-2{ padding-top : 0px;margin-top : 0px;padding-right : 0px;padding-bottom : 0px;margin-bottom : 0px;padding-left : 0px;}<\/style><\/div><\/p>\n","protected":false},"excerpt":{"rendered":"","protected":false},"author":1,"featured_media":0,"parent":0,"menu_order":0,"comment_status":"closed","ping_status":"closed","template":"100-width.php","meta":{"footnotes":""},"class_list":["post-3195","page","type-page","status-publish","hentry"],"yoast_head":"<!-- This site is optimized with the Yoast SEO plugin v27.5 - https:\/\/yoast.com\/product\/yoast-seo-wordpress\/ -->\n<title>Inteligencia corporativa - Intelsynet<\/title>\n<meta name=\"robots\" content=\"index, follow, max-snippet:-1, max-image-preview:large, max-video-preview:-1\" \/>\n<link rel=\"canonical\" href=\"https:\/\/intelsynet.com\/inteligencia-corporativa\/\" \/>\n<meta property=\"og:locale\" content=\"es_ES\" \/>\n<meta property=\"og:type\" content=\"article\" \/>\n<meta property=\"og:title\" content=\"Inteligencia corporativa - Intelsynet\" \/>\n<meta property=\"og:url\" content=\"https:\/\/intelsynet.com\/inteligencia-corporativa\/\" \/>\n<meta property=\"og:site_name\" content=\"Intelsynet\" \/>\n<meta property=\"article:modified_time\" content=\"2023-01-04T17:06:06+00:00\" \/>\n<meta name=\"twitter:card\" content=\"summary_large_image\" \/>\n<meta name=\"twitter:label1\" content=\"Tiempo de lectura\" \/>\n\t<meta name=\"twitter:data1\" content=\"8 minutos\" \/>\n<script type=\"application\/ld+json\" class=\"yoast-schema-graph\">{\"@context\":\"https:\\\/\\\/schema.org\",\"@graph\":[{\"@type\":\"WebPage\",\"@id\":\"https:\\\/\\\/intelsynet.com\\\/inteligencia-corporativa\\\/\",\"url\":\"https:\\\/\\\/intelsynet.com\\\/inteligencia-corporativa\\\/\",\"name\":\"Inteligencia corporativa - Intelsynet\",\"isPartOf\":{\"@id\":\"https:\\\/\\\/intelsynet.com\\\/es\\\/#website\"},\"datePublished\":\"2023-01-04T15:53:30+00:00\",\"dateModified\":\"2023-01-04T17:06:06+00:00\",\"breadcrumb\":{\"@id\":\"https:\\\/\\\/intelsynet.com\\\/inteligencia-corporativa\\\/#breadcrumb\"},\"inLanguage\":\"es\",\"potentialAction\":[{\"@type\":\"ReadAction\",\"target\":[\"https:\\\/\\\/intelsynet.com\\\/inteligencia-corporativa\\\/\"]}]},{\"@type\":\"BreadcrumbList\",\"@id\":\"https:\\\/\\\/intelsynet.com\\\/inteligencia-corporativa\\\/#breadcrumb\",\"itemListElement\":[{\"@type\":\"ListItem\",\"position\":1,\"name\":\"Portada\",\"item\":\"https:\\\/\\\/intelsynet.com\\\/\"},{\"@type\":\"ListItem\",\"position\":2,\"name\":\"Inteligencia corporativa\"}]},{\"@type\":\"WebSite\",\"@id\":\"https:\\\/\\\/intelsynet.com\\\/es\\\/#website\",\"url\":\"https:\\\/\\\/intelsynet.com\\\/es\\\/\",\"name\":\"Intelsynet\",\"description\":\"Advisory Services\",\"potentialAction\":[{\"@type\":\"SearchAction\",\"target\":{\"@type\":\"EntryPoint\",\"urlTemplate\":\"https:\\\/\\\/intelsynet.com\\\/es\\\/?s={search_term_string}\"},\"query-input\":{\"@type\":\"PropertyValueSpecification\",\"valueRequired\":true,\"valueName\":\"search_term_string\"}}],\"inLanguage\":\"es\"}]}<\/script>\n<!-- \/ Yoast SEO plugin. -->","yoast_head_json":{"title":"Inteligencia corporativa - Intelsynet","robots":{"index":"index","follow":"follow","max-snippet":"max-snippet:-1","max-image-preview":"max-image-preview:large","max-video-preview":"max-video-preview:-1"},"canonical":"https:\/\/intelsynet.com\/inteligencia-corporativa\/","og_locale":"es_ES","og_type":"article","og_title":"Inteligencia corporativa - Intelsynet","og_url":"https:\/\/intelsynet.com\/inteligencia-corporativa\/","og_site_name":"Intelsynet","article_modified_time":"2023-01-04T17:06:06+00:00","twitter_card":"summary_large_image","twitter_misc":{"Tiempo de lectura":"8 minutos"},"schema":{"@context":"https:\/\/schema.org","@graph":[{"@type":"WebPage","@id":"https:\/\/intelsynet.com\/inteligencia-corporativa\/","url":"https:\/\/intelsynet.com\/inteligencia-corporativa\/","name":"Inteligencia corporativa - Intelsynet","isPartOf":{"@id":"https:\/\/intelsynet.com\/es\/#website"},"datePublished":"2023-01-04T15:53:30+00:00","dateModified":"2023-01-04T17:06:06+00:00","breadcrumb":{"@id":"https:\/\/intelsynet.com\/inteligencia-corporativa\/#breadcrumb"},"inLanguage":"es","potentialAction":[{"@type":"ReadAction","target":["https:\/\/intelsynet.com\/inteligencia-corporativa\/"]}]},{"@type":"BreadcrumbList","@id":"https:\/\/intelsynet.com\/inteligencia-corporativa\/#breadcrumb","itemListElement":[{"@type":"ListItem","position":1,"name":"Portada","item":"https:\/\/intelsynet.com\/"},{"@type":"ListItem","position":2,"name":"Inteligencia corporativa"}]},{"@type":"WebSite","@id":"https:\/\/intelsynet.com\/es\/#website","url":"https:\/\/intelsynet.com\/es\/","name":"Intelsynet","description":"Advisory Services","potentialAction":[{"@type":"SearchAction","target":{"@type":"EntryPoint","urlTemplate":"https:\/\/intelsynet.com\/es\/?s={search_term_string}"},"query-input":{"@type":"PropertyValueSpecification","valueRequired":true,"valueName":"search_term_string"}}],"inLanguage":"es"}]}},"_links":{"self":[{"href":"https:\/\/intelsynet.com\/es\/wp-json\/wp\/v2\/pages\/3195","targetHints":{"allow":["GET"]}}],"collection":[{"href":"https:\/\/intelsynet.com\/es\/wp-json\/wp\/v2\/pages"}],"about":[{"href":"https:\/\/intelsynet.com\/es\/wp-json\/wp\/v2\/types\/page"}],"author":[{"embeddable":true,"href":"https:\/\/intelsynet.com\/es\/wp-json\/wp\/v2\/users\/1"}],"replies":[{"embeddable":true,"href":"https:\/\/intelsynet.com\/es\/wp-json\/wp\/v2\/comments?post=3195"}],"version-history":[{"count":18,"href":"https:\/\/intelsynet.com\/es\/wp-json\/wp\/v2\/pages\/3195\/revisions"}],"predecessor-version":[{"id":3217,"href":"https:\/\/intelsynet.com\/es\/wp-json\/wp\/v2\/pages\/3195\/revisions\/3217"}],"wp:attachment":[{"href":"https:\/\/intelsynet.com\/es\/wp-json\/wp\/v2\/media?parent=3195"}],"curies":[{"name":"wp","href":"https:\/\/api.w.org\/{rel}","templated":true}]}}